
{"id":6069,"date":"2020-09-04T15:03:47","date_gmt":"2020-09-04T15:03:47","guid":{"rendered":"https:\/\/www.npf.ie\/cad-i-an-straiteis-spais-naisiunta\/gateway-innovation-fund-2009-2010\/"},"modified":"2020-10-20T11:24:01","modified_gmt":"2020-10-20T11:24:01","slug":"gateway-innovation-fund-2009-2010","status":"publish","type":"page","link":"https:\/\/www.npf.ie\/ga\/cad-i-an-straiteis-spais-naisiunta\/gateway-innovation-fund-2009-2010\/","title":{"rendered":"Gateway Innovation Fund 2009-2010"},"content":{"rendered":"\n<p><a href=\"http:\/\/nss.ie\/GatewayInnovationFund\/File,171,en.pdf\"><strong>Gateway Innovation Fund Call for Proposals<\/strong><\/a>&#13;\n<a href=\"http:\/\/nss.ie\/GatewayInnovationFund\/File,171,en.pdf\">clice\u00e1il anseo chun f\u00e9achaint ar Gateway Innovation Fund Call for Proposals&#8230;.<\/a><\/p>\n\n<p><a href=\"http:\/\/nss.ie\/GatewayInnovationFund\/File,179,en.pdf\"><strong>Call for Proposals Cover Letter<\/strong><\/a>&#13;\n<a href=\"http:\/\/nss.ie\/GatewayInnovationFund\/File,179,en.pdf\">clice\u00e1il anseo chun f\u00e9achaint ar Call for Proposals Cover Letter&#8230;.<\/a><\/p>\n\n<p>Cuir i l\u00e1thair \u00f3 na seisi\u00fain faisn\u00e9ise<\/p>\n\n<p>T\u00e1 na cuir i l\u00e1thair \u00f3 na seisi\u00fain faisn\u00e9ise ar f\u00e1il lena n-\u00edosl\u00f3d\u00e1il anseo<\/p>\n\n<p><a href=\"http:\/\/nss.ie\/GatewayInnovationFund\/File,172,en.pdf\"><strong>The Enterprise Perspective<\/strong><\/a>&#13;\nGIF Information Seminar, Brian Cogan, 16 May 2007. <a href=\"http:\/\/nss.ie\/GatewayInnovationFund\/File,172,en.pdf\">clice\u00e1il anseo chun f\u00e9achaint ar The Enterprise Perspective&#8230;.<\/a><\/p>\n\n<p><a href=\"http:\/\/nss.ie\/GatewayInnovationFund\/File,173,en.pdf\"><strong>Capital Appraisal and Cost Benefit Analysis<\/strong><\/a>&#13;\nBrian Carroll, Central Expenditure Evaluation Unit Department of Finance <a href=\"http:\/\/nss.ie\/GatewayInnovationFund\/File,173,en.pdf\">clice\u00e1il anseo chun f\u00e9achaint ar Capital Appraisal and Cost Benefit Analysis&#8230;.<\/a><\/p>\n\n<p><a href=\"http:\/\/nss.ie\/GatewayInnovationFund\/File,174,en.pdf\"><strong>Project management and monitoring<\/strong><\/a>&#13;\nJohn Martin, Principal Planning Adviser, DEHLG <a href=\"http:\/\/nss.ie\/GatewayInnovationFund\/File,174,en.pdf\">clice\u00e1il anseo chun f\u00e9achaint ar Project management and monitoring&#8230;.<\/a><\/p>\n\n<p><a href=\"http:\/\/nss.ie\/GatewayInnovationFund\/File,175,en.pdf\"><strong>Development of Proposals<\/strong><\/a>&#13;\nNiall Cussen, Senior Planning Adviser, DEHLG,16 Bealtaine 2007 <a href=\"http:\/\/nss.ie\/GatewayInnovationFund\/File,175,en.pdf\">clice\u00e1il anseo chun f\u00e9achaint ar Development of Proposals&#8230;.<\/a><\/p>\n\n<p><a href=\"http:\/\/nss.ie\/GatewayInnovationFund\/File,177,en.pdf\"><strong>GATEWAY INNOVATION FUND (GIF)<\/strong><\/a>&#13;\nPatrick O&#8217;Sullivan, Spatial Policy, DEHLG <a href=\"http:\/\/nss.ie\/GatewayInnovationFund\/File,177,en.pdf\">clice\u00e1il anseo chun f\u00e9achaint ar GATEWAY INNOVATION FUND (GIF)&#8230;.<\/a><\/p>\n\n<p><a href=\"http:\/\/nss.ie\/GatewayInnovationFund\/File,182,en.pdf\"><strong>Gateway Innovation Fund ? Points of Clarification<\/strong><\/a>&#13;\n<p class=\"p1\">4 I\u00fail 2007 <a href=\"http:\/\/nss.ie\/GatewayInnovationFund\/File,182,en.pdf\">clice\u00e1il anseo chun f\u00e9achaint ar Gateway Innovation Fund ? Points of Clarification&#8230;.<\/a><\/p><\/p>\n\n<p><p class=\"p1\"><b>Liosta na dTeagmh\u00e1laithe\/na n\u00dadar\u00e1s \u00c1iti\u00fail \u00e1bhartha<\/b><\/p>&#13;\n<p class=\"p1\">&#13;\n<a href=\"http:\/\/nss.ie\/GatewayInnovationFund\/ContactList\/\">Clice\u00e1il anseo chun f\u00e9achaint ar Liosta na dTeagmh\u00e1laithe\/na n\u00dadar\u00e1s \u00c1iti\u00fail \u00e1bhartha.<\/a><\/p><\/p>\n","protected":false},"excerpt":{"rendered":"<p>Gateway Innovation Fund Call for Proposals&#13; clice\u00e1il anseo chun f\u00e9achaint ar Gateway Innovation Fund Call for Proposals&#8230;. Call for Proposals [&hellip;]<\/p>\n","protected":false},"author":7,"featured_media":0,"parent":6063,"menu_order":0,"comment_status":"closed","ping_status":"closed","template":"","meta":{"_uag_custom_page_level_css":"","site-sidebar-layout":"default","site-content-layout":"","ast-site-content-layout":"default","site-content-style":"default","site-sidebar-style":"default","ast-global-header-display":"","ast-banner-title-visibility":"","ast-main-header-display":"","ast-hfb-above-header-display":"","ast-hfb-below-header-display":"","ast-hfb-mobile-header-display":"","site-post-title":"","ast-breadcrumbs-content":"","ast-featured-img":"","footer-sml-layout":"","ast-disable-related-posts":"","theme-transparent-header-meta":"","adv-header-id-meta":"","stick-header-meta":"","header-above-stick-meta":"","header-main-stick-meta":"","header-below-stick-meta":"","astra-migrate-meta-layouts":"default","ast-page-background-enabled":"default","ast-page-background-meta":{"desktop":{"background-color":"var(--ast-global-color-5)","background-image":"","background-repeat":"repeat","background-position":"center center","background-size":"auto","background-attachment":"scroll","background-type":"","background-media":"","overlay-type":"","overlay-color":"","overlay-opacity":"","overlay-gradient":""},"tablet":{"background-color":"","background-image":"","background-repeat":"repeat","background-position":"center center","background-size":"auto","background-attachment":"scroll","background-type":"","background-media":"","overlay-type":"","overlay-color":"","overlay-opacity":"","overlay-gradient":""},"mobile":{"background-color":"","background-image":"","background-repeat":"repeat","background-position":"center center","background-size":"auto","background-attachment":"scroll","background-type":"","background-media":"","overlay-type":"","overlay-color":"","overlay-opacity":"","overlay-gradient":""}},"ast-content-background-meta":{"desktop":{"background-color":"var(--ast-global-color-4)","background-image":"","background-repeat":"repeat","background-position":"center center","background-size":"auto","background-attachment":"scroll","background-type":"","background-media":"","overlay-type":"","overlay-color":"","overlay-opacity":"","overlay-gradient":""},"tablet":{"background-color":"var(--ast-global-color-4)","background-image":"","background-repeat":"repeat","background-position":"center center","background-size":"auto","background-attachment":"scroll","background-type":"","background-media":"","overlay-type":"","overlay-color":"","overlay-opacity":"","overlay-gradient":""},"mobile":{"background-color":"var(--ast-global-color-4)","background-image":"","background-repeat":"repeat","background-position":"center center","background-size":"auto","background-attachment":"scroll","background-type":"","background-media":"","overlay-type":"","overlay-color":"","overlay-opacity":"","overlay-gradient":""}},"footnotes":""},"class_list":["post-6069","page","type-page","status-publish","hentry"],"yoast_head":"<!-- This site is optimized with the Yoast SEO plugin v27.3 - https:\/\/yoast.com\/product\/yoast-seo-wordpress\/ -->\n<title>Gateway Innovation Fund 2009-2010 - The National Planning Framework<\/title>\n<meta name=\"robots\" content=\"index, follow, max-snippet:-1, max-image-preview:large, max-video-preview:-1\" \/>\n<link rel=\"canonical\" href=\"https:\/\/www.npf.ie\/ga\/cad-i-an-straiteis-spais-naisiunta\/gateway-innovation-fund-2009-2010\/\" \/>\n<meta property=\"og:locale\" content=\"ga_IE\" \/>\n<meta property=\"og:type\" content=\"article\" \/>\n<meta property=\"og:title\" content=\"Gateway Innovation Fund 2009-2010 - The National Planning Framework\" \/>\n<meta property=\"og:description\" content=\"Gateway Innovation Fund Call for Proposals&#013; clice\u00e1il anseo chun f\u00e9achaint ar Gateway Innovation Fund Call for Proposals&#8230;. Call for Proposals [&hellip;]\" \/>\n<meta property=\"og:url\" content=\"https:\/\/www.npf.ie\/ga\/cad-i-an-straiteis-spais-naisiunta\/gateway-innovation-fund-2009-2010\/\" \/>\n<meta property=\"og:site_name\" content=\"The National Planning Framework\" \/>\n<meta property=\"article:modified_time\" content=\"2020-10-20T11:24:01+00:00\" \/>\n<meta name=\"twitter:card\" content=\"summary_large_image\" \/>\n<meta name=\"twitter:label1\" content=\"Est. reading time\" \/>\n\t<meta name=\"twitter:data1\" content=\"1 minute\" \/>\n<script type=\"application\/ld+json\" class=\"yoast-schema-graph\">{\"@context\":\"https:\\\/\\\/schema.org\",\"@graph\":[{\"@type\":\"WebPage\",\"@id\":\"https:\\\/\\\/www.npf.ie\\\/ga\\\/cad-i-an-straiteis-spais-naisiunta\\\/gateway-innovation-fund-2009-2010\\\/\",\"url\":\"https:\\\/\\\/www.npf.ie\\\/ga\\\/cad-i-an-straiteis-spais-naisiunta\\\/gateway-innovation-fund-2009-2010\\\/\",\"name\":\"Gateway Innovation Fund 2009-2010 - The National Planning Framework\",\"isPartOf\":{\"@id\":\"https:\\\/\\\/www.npf.ie\\\/ga\\\/#website\"},\"datePublished\":\"2020-09-04T15:03:47+00:00\",\"dateModified\":\"2020-10-20T11:24:01+00:00\",\"breadcrumb\":{\"@id\":\"https:\\\/\\\/www.npf.ie\\\/ga\\\/cad-i-an-straiteis-spais-naisiunta\\\/gateway-innovation-fund-2009-2010\\\/#breadcrumb\"},\"inLanguage\":\"ga-IE\",\"potentialAction\":[{\"@type\":\"ReadAction\",\"target\":[\"https:\\\/\\\/www.npf.ie\\\/ga\\\/cad-i-an-straiteis-spais-naisiunta\\\/gateway-innovation-fund-2009-2010\\\/\"]}]},{\"@type\":\"BreadcrumbList\",\"@id\":\"https:\\\/\\\/www.npf.ie\\\/ga\\\/cad-i-an-straiteis-spais-naisiunta\\\/gateway-innovation-fund-2009-2010\\\/#breadcrumb\",\"itemListElement\":[{\"@type\":\"ListItem\",\"position\":1,\"name\":\"Home\",\"item\":\"https:\\\/\\\/www.npf.ie\\\/ga\\\/\"},{\"@type\":\"ListItem\",\"position\":2,\"name\":\"Cad \u00ed an Strait\u00e9is Sp\u00e1is N\u00e1isi\u00fanta?\",\"item\":\"https:\\\/\\\/www.npf.ie\\\/ga\\\/nss\\\/\"},{\"@type\":\"ListItem\",\"position\":3,\"name\":\"Gateway Innovation Fund 2009-2010\"}]},{\"@type\":\"WebSite\",\"@id\":\"https:\\\/\\\/www.npf.ie\\\/ga\\\/#website\",\"url\":\"https:\\\/\\\/www.npf.ie\\\/ga\\\/\",\"name\":\"National Planning Framework\",\"description\":\"\",\"publisher\":{\"@id\":\"https:\\\/\\\/www.npf.ie\\\/ga\\\/#organization\"},\"potentialAction\":[{\"@type\":\"SearchAction\",\"target\":{\"@type\":\"EntryPoint\",\"urlTemplate\":\"https:\\\/\\\/www.npf.ie\\\/ga\\\/?s={search_term_string}\"},\"query-input\":{\"@type\":\"PropertyValueSpecification\",\"valueRequired\":true,\"valueName\":\"search_term_string\"}}],\"inLanguage\":\"ga-IE\"},{\"@type\":\"Organization\",\"@id\":\"https:\\\/\\\/www.npf.ie\\\/ga\\\/#organization\",\"name\":\"Department of Housing, Local Government and Heritage\",\"url\":\"https:\\\/\\\/www.npf.ie\\\/ga\\\/\",\"logo\":{\"@type\":\"ImageObject\",\"inLanguage\":\"ga-IE\",\"@id\":\"https:\\\/\\\/www.npf.ie\\\/ga\\\/#\\\/schema\\\/logo\\\/image\\\/\",\"url\":\"https:\\\/\\\/www.npf.ie\\\/wp-content\\\/uploads\\\/npf_logo_feb18_horizontal-3-1-1.png\",\"contentUrl\":\"https:\\\/\\\/www.npf.ie\\\/wp-content\\\/uploads\\\/npf_logo_feb18_horizontal-3-1-1.png\",\"width\":255,\"height\":46,\"caption\":\"Department of Housing, Local Government and Heritage\"},\"image\":{\"@id\":\"https:\\\/\\\/www.npf.ie\\\/ga\\\/#\\\/schema\\\/logo\\\/image\\\/\"}}]}<\/script>\n<!-- \/ Yoast SEO plugin. -->","yoast_head_json":{"title":"Gateway Innovation Fund 2009-2010 - The National Planning Framework","robots":{"index":"index","follow":"follow","max-snippet":"max-snippet:-1","max-image-preview":"max-image-preview:large","max-video-preview":"max-video-preview:-1"},"canonical":"https:\/\/www.npf.ie\/ga\/cad-i-an-straiteis-spais-naisiunta\/gateway-innovation-fund-2009-2010\/","og_locale":"ga_IE","og_type":"article","og_title":"Gateway Innovation Fund 2009-2010 - The National Planning Framework","og_description":"Gateway Innovation Fund Call for Proposals&#13; clice\u00e1il anseo chun f\u00e9achaint ar Gateway Innovation Fund Call for Proposals&#8230;. Call for Proposals [&hellip;]","og_url":"https:\/\/www.npf.ie\/ga\/cad-i-an-straiteis-spais-naisiunta\/gateway-innovation-fund-2009-2010\/","og_site_name":"The National Planning Framework","article_modified_time":"2020-10-20T11:24:01+00:00","twitter_card":"summary_large_image","twitter_misc":{"Est. reading time":"1 minute"},"schema":{"@context":"https:\/\/schema.org","@graph":[{"@type":"WebPage","@id":"https:\/\/www.npf.ie\/ga\/cad-i-an-straiteis-spais-naisiunta\/gateway-innovation-fund-2009-2010\/","url":"https:\/\/www.npf.ie\/ga\/cad-i-an-straiteis-spais-naisiunta\/gateway-innovation-fund-2009-2010\/","name":"Gateway Innovation Fund 2009-2010 - The National Planning Framework","isPartOf":{"@id":"https:\/\/www.npf.ie\/ga\/#website"},"datePublished":"2020-09-04T15:03:47+00:00","dateModified":"2020-10-20T11:24:01+00:00","breadcrumb":{"@id":"https:\/\/www.npf.ie\/ga\/cad-i-an-straiteis-spais-naisiunta\/gateway-innovation-fund-2009-2010\/#breadcrumb"},"inLanguage":"ga-IE","potentialAction":[{"@type":"ReadAction","target":["https:\/\/www.npf.ie\/ga\/cad-i-an-straiteis-spais-naisiunta\/gateway-innovation-fund-2009-2010\/"]}]},{"@type":"BreadcrumbList","@id":"https:\/\/www.npf.ie\/ga\/cad-i-an-straiteis-spais-naisiunta\/gateway-innovation-fund-2009-2010\/#breadcrumb","itemListElement":[{"@type":"ListItem","position":1,"name":"Home","item":"https:\/\/www.npf.ie\/ga\/"},{"@type":"ListItem","position":2,"name":"Cad \u00ed an Strait\u00e9is Sp\u00e1is N\u00e1isi\u00fanta?","item":"https:\/\/www.npf.ie\/ga\/nss\/"},{"@type":"ListItem","position":3,"name":"Gateway Innovation Fund 2009-2010"}]},{"@type":"WebSite","@id":"https:\/\/www.npf.ie\/ga\/#website","url":"https:\/\/www.npf.ie\/ga\/","name":"National Planning Framework","description":"","publisher":{"@id":"https:\/\/www.npf.ie\/ga\/#organization"},"potentialAction":[{"@type":"SearchAction","target":{"@type":"EntryPoint","urlTemplate":"https:\/\/www.npf.ie\/ga\/?s={search_term_string}"},"query-input":{"@type":"PropertyValueSpecification","valueRequired":true,"valueName":"search_term_string"}}],"inLanguage":"ga-IE"},{"@type":"Organization","@id":"https:\/\/www.npf.ie\/ga\/#organization","name":"Department of Housing, Local Government and Heritage","url":"https:\/\/www.npf.ie\/ga\/","logo":{"@type":"ImageObject","inLanguage":"ga-IE","@id":"https:\/\/www.npf.ie\/ga\/#\/schema\/logo\/image\/","url":"https:\/\/www.npf.ie\/wp-content\/uploads\/npf_logo_feb18_horizontal-3-1-1.png","contentUrl":"https:\/\/www.npf.ie\/wp-content\/uploads\/npf_logo_feb18_horizontal-3-1-1.png","width":255,"height":46,"caption":"Department of Housing, Local Government and Heritage"},"image":{"@id":"https:\/\/www.npf.ie\/ga\/#\/schema\/logo\/image\/"}}]}},"spectra_custom_meta":{"_wpml_word_count":["{\"total\":209,\"to_translate\":{\"en\":209}}"],"_vc_post_settings":["a:1:{s:10:\"vc_grid_id\";a:0:{}}"],"dt_portfolio_columns":["grid"],"dt_portfolio_navigation":["filter"],"dt_nav_number":["8"],"dt_blog_layout":["masonry-3-cols"],"dt_posts_number":["10"],"dt_sidebar_position":["no-sidebar"],"dt_all_sidebars":["page-sidebar"],"_top_nav_excluded":[""],"_cms_nav_minihome":[""],"dt_blog_vc_content":["below-posts"],"slide_template":["default"],"_last_translation_edit_mode":["translation-editor"],"_alp_processed":["1603193041"],"_wp_page_template":["default"],"_uag_css_file_name":["uag-css-6069.css"],"_uagb_previous_block_counts":["a:90:{s:21:\"uagb\/advanced-heading\";i:0;s:15:\"uagb\/blockquote\";i:0;s:12:\"uagb\/buttons\";i:0;s:18:\"uagb\/buttons-child\";i:0;s:19:\"uagb\/call-to-action\";i:0;s:15:\"uagb\/cf7-styler\";i:0;s:11:\"uagb\/column\";i:0;s:12:\"uagb\/columns\";i:0;s:14:\"uagb\/container\";i:0;s:21:\"uagb\/content-timeline\";i:0;s:27:\"uagb\/content-timeline-child\";i:0;s:14:\"uagb\/countdown\";i:0;s:12:\"uagb\/counter\";i:0;s:8:\"uagb\/faq\";i:0;s:14:\"uagb\/faq-child\";i:0;s:10:\"uagb\/forms\";i:0;s:17:\"uagb\/forms-accept\";i:0;s:19:\"uagb\/forms-checkbox\";i:0;s:15:\"uagb\/forms-date\";i:0;s:16:\"uagb\/forms-email\";i:0;s:17:\"uagb\/forms-hidden\";i:0;s:15:\"uagb\/forms-name\";i:0;s:16:\"uagb\/forms-phone\";i:0;s:16:\"uagb\/forms-radio\";i:0;s:17:\"uagb\/forms-select\";i:0;s:19:\"uagb\/forms-textarea\";i:0;s:17:\"uagb\/forms-toggle\";i:0;s:14:\"uagb\/forms-url\";i:0;s:14:\"uagb\/gf-styler\";i:0;s:15:\"uagb\/google-map\";i:0;s:11:\"uagb\/how-to\";i:0;s:16:\"uagb\/how-to-step\";i:0;s:9:\"uagb\/icon\";i:0;s:14:\"uagb\/icon-list\";i:0;s:20:\"uagb\/icon-list-child\";i:0;s:10:\"uagb\/image\";i:0;s:18:\"uagb\/image-gallery\";i:0;s:13:\"uagb\/info-box\";i:0;s:18:\"uagb\/inline-notice\";i:0;s:11:\"uagb\/lottie\";i:0;s:21:\"uagb\/marketing-button\";i:0;s:10:\"uagb\/modal\";i:0;s:18:\"uagb\/popup-builder\";i:0;s:16:\"uagb\/post-button\";i:0;s:18:\"uagb\/post-carousel\";i:0;s:17:\"uagb\/post-excerpt\";i:0;s:14:\"uagb\/post-grid\";i:0;s:15:\"uagb\/post-image\";i:0;s:17:\"uagb\/post-masonry\";i:0;s:14:\"uagb\/post-meta\";i:0;s:18:\"uagb\/post-taxonomy\";i:0;s:18:\"uagb\/post-timeline\";i:0;s:15:\"uagb\/post-title\";i:0;s:20:\"uagb\/restaurant-menu\";i:0;s:26:\"uagb\/restaurant-menu-child\";i:0;s:11:\"uagb\/review\";i:0;s:12:\"uagb\/section\";i:0;s:14:\"uagb\/separator\";i:0;s:11:\"uagb\/slider\";i:0;s:17:\"uagb\/slider-child\";i:0;s:17:\"uagb\/social-share\";i:0;s:23:\"uagb\/social-share-child\";i:0;s:16:\"uagb\/star-rating\";i:0;s:23:\"uagb\/sure-cart-checkout\";i:0;s:22:\"uagb\/sure-cart-product\";i:0;s:15:\"uagb\/sure-forms\";i:0;s:22:\"uagb\/table-of-contents\";i:0;s:9:\"uagb\/tabs\";i:0;s:15:\"uagb\/tabs-child\";i:0;s:18:\"uagb\/taxonomy-list\";i:0;s:9:\"uagb\/team\";i:0;s:16:\"uagb\/testimonial\";i:0;s:14:\"uagb\/wp-search\";i:0;s:19:\"uagb\/instagram-feed\";i:0;s:10:\"uagb\/login\";i:0;s:17:\"uagb\/loop-builder\";i:0;s:18:\"uagb\/loop-category\";i:0;s:20:\"uagb\/loop-pagination\";i:0;s:15:\"uagb\/loop-reset\";i:0;s:16:\"uagb\/loop-search\";i:0;s:14:\"uagb\/loop-sort\";i:0;s:17:\"uagb\/loop-wrapper\";i:0;s:13:\"uagb\/register\";i:0;s:19:\"uagb\/register-email\";i:0;s:24:\"uagb\/register-first-name\";i:0;s:23:\"uagb\/register-last-name\";i:0;s:22:\"uagb\/register-password\";i:0;s:30:\"uagb\/register-reenter-password\";i:0;s:19:\"uagb\/register-terms\";i:0;s:22:\"uagb\/register-username\";i:0;}"],"_uag_page_assets":["a:9:{s:3:\"css\";s:5444:\".wp-block-uagb-container.uagb-block-5aee6c9c.wp-block-uagb-container{color: var(--ast-global-color-5);}.wp-block-uagb-container.uagb-block-5aee6c9c.wp-block-uagb-container *{color: var(--ast-global-color-5);}.wp-block-uagb-container.uagb-block-5aee6c9c .uagb-container__shape-top svg{width: calc( 100% + 1.3px );}.wp-block-uagb-container.uagb-block-5aee6c9c .uagb-container__shape.uagb-container__shape-top .uagb-container__shape-fill{fill: rgba(51,51,51,1);}.wp-block-uagb-container.uagb-block-5aee6c9c .uagb-container__shape-bottom svg{width: calc( 100% + 1.3px );}.wp-block-uagb-container.uagb-block-5aee6c9c .uagb-container__shape.uagb-container__shape-bottom .uagb-container__shape-fill{fill: rgba(51,51,51,1);}.wp-block-uagb-container.uagb-block-5aee6c9c .uagb-container__video-wrap video{opacity: 1;}.wp-block-uagb-container.uagb-is-root-container .uagb-block-5aee6c9c{max-width: 100%;width: 100%;}.wp-block-uagb-container.uagb-is-root-container.alignfull.uagb-block-5aee6c9c > .uagb-container-inner-blocks-wrap{--inner-content-custom-width: min( 100%, 1200px);max-width: var(--inner-content-custom-width);width: 100%;flex-direction: column;align-items: center;justify-content: center;flex-wrap: nowrap;row-gap: 20px;column-gap: 20px;}.wp-block-uagb-container.uagb-block-5aee6c9c{box-shadow: 0px 0px   #00000070 ;padding-top: 10px;padding-bottom: 10px;padding-left: 10px;padding-right: 10px;margin-top:  !important;margin-bottom:  !important;overflow: visible;order: initial;border-color: inherit;background-color: #30665f;;row-gap: 20px;column-gap: 20px;}@media only screen and (max-width: 976px) {.wp-block-uagb-container.uagb-is-root-container .uagb-block-5aee6c9c{width: 100%;}.wp-block-uagb-container.uagb-is-root-container.alignfull.uagb-block-5aee6c9c > .uagb-container-inner-blocks-wrap{--inner-content-custom-width: min( 100%, 1024px);max-width: var(--inner-content-custom-width);width: 100%;}.wp-block-uagb-container.uagb-block-5aee6c9c{padding-top: 10px;padding-bottom: 10px;padding-left: 10px;padding-right: 10px;margin-top:  !important;margin-bottom:  !important;order: initial;background-color: #30665f;;}}@media only screen and (max-width: 767px) {.wp-block-uagb-container.uagb-is-root-container .uagb-block-5aee6c9c{max-width: 100%;width: 100%;}.wp-block-uagb-container.uagb-is-root-container.alignfull.uagb-block-5aee6c9c > .uagb-container-inner-blocks-wrap{--inner-content-custom-width: min( 100%, 767px);max-width: var(--inner-content-custom-width);width: 100%;flex-wrap: wrap;}.wp-block-uagb-container.uagb-block-5aee6c9c{padding-top: 10px;padding-bottom: 10px;padding-left: 10px;padding-right: 10px;margin-top:  !important;margin-bottom:  !important;order: initial;background-color: #30665f;;}}.wp-block-uagb-container.uagb-block-58e00206.wp-block-uagb-container{color: var(--ast-global-color-5);}.wp-block-uagb-container.uagb-block-58e00206.wp-block-uagb-container *{color: var(--ast-global-color-5);}.wp-block-uagb-container.uagb-block-58e00206 .uagb-container__shape-top svg{width: calc( 100% + 1.3px );}.wp-block-uagb-container.uagb-block-58e00206 .uagb-container__shape.uagb-container__shape-top .uagb-container__shape-fill{fill: rgba(51,51,51,1);}.wp-block-uagb-container.uagb-block-58e00206 .uagb-container__shape-bottom svg{width: calc( 100% + 1.3px );}.wp-block-uagb-container.uagb-block-58e00206 .uagb-container__shape.uagb-container__shape-bottom .uagb-container__shape-fill{fill: rgba(51,51,51,1);}.wp-block-uagb-container.uagb-block-58e00206 .uagb-container__video-wrap video{opacity: 1;}.wp-block-uagb-container.uagb-is-root-container .uagb-block-58e00206{max-width: 100%;width: 100%;}.wp-block-uagb-container.uagb-is-root-container.alignfull.uagb-block-58e00206 > .uagb-container-inner-blocks-wrap{--inner-content-custom-width: min( 100%, 1200px);max-width: var(--inner-content-custom-width);width: 100%;flex-direction: column;align-items: center;justify-content: center;flex-wrap: nowrap;row-gap: 20px;column-gap: 20px;}.wp-block-uagb-container.uagb-block-58e00206{box-shadow: 0px 0px   #00000070 ;padding-top: 10px;padding-bottom: 10px;padding-left: 10px;padding-right: 10px;margin-top:  !important;margin-bottom:  !important;overflow: visible;order: initial;border-color: inherit;background-color: #30665f;;row-gap: 20px;column-gap: 20px;}@media only screen and (max-width: 976px) {.wp-block-uagb-container.uagb-is-root-container .uagb-block-58e00206{width: 100%;}.wp-block-uagb-container.uagb-is-root-container.alignfull.uagb-block-58e00206 > .uagb-container-inner-blocks-wrap{--inner-content-custom-width: min( 100%, 1024px);max-width: var(--inner-content-custom-width);width: 100%;}.wp-block-uagb-container.uagb-block-58e00206{padding-top: 10px;padding-bottom: 10px;padding-left: 10px;padding-right: 10px;margin-top:  !important;margin-bottom:  !important;order: initial;background-color: #30665f;;}}@media only screen and (max-width: 767px) {.wp-block-uagb-container.uagb-is-root-container .uagb-block-58e00206{max-width: 100%;width: 100%;}.wp-block-uagb-container.uagb-is-root-container.alignfull.uagb-block-58e00206 > .uagb-container-inner-blocks-wrap{--inner-content-custom-width: min( 100%, 767px);max-width: var(--inner-content-custom-width);width: 100%;flex-wrap: wrap;}.wp-block-uagb-container.uagb-block-58e00206{padding-top: 10px;padding-bottom: 10px;padding-left: 10px;padding-right: 10px;margin-top:  !important;margin-bottom:  !important;order: initial;background-color: #30665f;;}}\";s:2:\"js\";s:0:\"\";s:18:\"current_block_list\";a:4:{i:0;s:14:\"core\/paragraph\";i:1;s:14:\"uagb\/container\";i:2;s:9:\"core\/list\";i:3;s:14:\"core\/list-item\";}s:8:\"uag_flag\";b:1;s:11:\"uag_version\";s:10:\"1776167547\";s:6:\"gfonts\";a:0:{}s:10:\"gfonts_url\";s:0:\"\";s:12:\"gfonts_files\";a:0:{}s:14:\"uag_faq_layout\";b:0;}"]},"uagb_featured_image_src":{"full":false,"thumbnail":false,"medium":false,"medium_large":false,"large":false,"1536x1536":false,"2048x2048":false},"uagb_author_info":{"display_name":"Business Solutions","author_link":"https:\/\/www.npf.ie\/ga\/author\/bobby\/"},"uagb_comment_info":0,"uagb_excerpt":"Gateway Innovation Fund Call for Proposals&#13; clice\u00e1il anseo chun f\u00e9achaint ar Gateway Innovation Fund Call for Proposals&#8230;. Call for Proposals [&hellip;]","_links":{"self":[{"href":"https:\/\/www.npf.ie\/ga\/wp-json\/wp\/v2\/pages\/6069","targetHints":{"allow":["GET"]}}],"collection":[{"href":"https:\/\/www.npf.ie\/ga\/wp-json\/wp\/v2\/pages"}],"about":[{"href":"https:\/\/www.npf.ie\/ga\/wp-json\/wp\/v2\/types\/page"}],"author":[{"embeddable":true,"href":"https:\/\/www.npf.ie\/ga\/wp-json\/wp\/v2\/users\/7"}],"replies":[{"embeddable":true,"href":"https:\/\/www.npf.ie\/ga\/wp-json\/wp\/v2\/comments?post=6069"}],"version-history":[{"count":1,"href":"https:\/\/www.npf.ie\/ga\/wp-json\/wp\/v2\/pages\/6069\/revisions"}],"predecessor-version":[{"id":6070,"href":"https:\/\/www.npf.ie\/ga\/wp-json\/wp\/v2\/pages\/6069\/revisions\/6070"}],"up":[{"embeddable":true,"href":"https:\/\/www.npf.ie\/ga\/wp-json\/wp\/v2\/pages\/6063"}],"wp:attachment":[{"href":"https:\/\/www.npf.ie\/ga\/wp-json\/wp\/v2\/media?parent=6069"}],"curies":[{"name":"wp","href":"https:\/\/api.w.org\/{rel}","templated":true}]}}