
{"id":6067,"date":"2020-09-04T15:02:26","date_gmt":"2020-09-04T15:02:26","guid":{"rendered":"https:\/\/www.npf.ie\/cad-i-an-straiteis-spais-naisiunta\/treoirlinte-pleanala-reigiunai-na-straiteise-spais-naisiunta\/"},"modified":"2020-10-20T11:17:29","modified_gmt":"2020-10-20T11:17:29","slug":"treoirlinte-pleanala-reigiunai-na-straiteise-spais-naisiunta","status":"publish","type":"page","link":"https:\/\/www.npf.ie\/ga\/cad-i-an-straiteis-spais-naisiunta\/treoirlinte-pleanala-reigiunai-na-straiteise-spais-naisiunta\/","title":{"rendered":"Treoirl\u00ednte Plean\u00e1la R\u00e9igi\u00fana\u00ed na Strait\u00e9ise Sp\u00e1is N\u00e1isi\u00fanta"},"content":{"rendered":"\n<p>Chun tac\u00fa Leis an Strait\u00e9is Sp\u00e1is N\u00e1isi\u00fanta a chur chun feidhme mar chreat \u201cpicti\u00fair mh\u00f3ir\u201d chun cusp\u00f3ir an Rialtais d\u2019fhorbairt r\u00e9igi\u00fanach n\u00edos cothroime a bhaint amach, t\u00e1 g\u00e1 le strait\u00e9is\u00ed \u00e9ifeachtacha plean\u00e1la ar leibh\u00e9al r\u00e9igi\u00fanach chun an nasc a shol\u00e1thar idir na creata\u00ed plean\u00e1la n\u00e1isi\u00fanta agus \u00e1iti\u00fala. Caithfidh plean\u00e1il sp\u00e1is ar an leibh\u00e9al r\u00e9igi\u00fanach oibri\u00fa laistigh den chur chuige forioml\u00e1n a ghlactar sa Strait\u00e9is Sp\u00e1is N\u00e1isi\u00fanta, agus n\u00ed m\u00f3r n\u00edos m\u00f3 sonra\u00ed a shol\u00e1thar agus creat forbartha agus sp\u00e1is a bhun\u00fa ar f\u00e9idir \u00e9 a \u00fas\u00e1id chun pleananna forbartha \u00fadar\u00e1is \u00e1iti\u00fail agus strait\u00e9is\u00ed plean\u00e1la eile a neart\u00fa ar leibh\u00e9al contae, cathrach agus \u00e1iti\u00fail.<\/p>\n\n<p><p class=\"p1\">M\u00e1 t\u00e1 an Strait\u00e9is Sp\u00e1is N\u00e1isi\u00fanta le cur chun feidhme, caithfear Treoirl\u00ednte Plean\u00e1la R\u00e9igi\u00fana\u00ed a chur i bhfeidhm ar fud na t\u00edre. Leagtar amach sna roinnt ceanglas maidir le Treoirl\u00ednte Plean\u00e1la R\u00e9igi\u00fana\u00ed a ullmh\u00fa <a href=\"http:\/\/nss.ie\/docs\/word\/RPG%2520Regulationsv5.doc\"><span class=\"s1\"><b>Rialach\u00e1in um Plean\u00e1il agus Forbairt (Treoirl\u00ednte Plean\u00e1la R\u00e9igi\u00fana\u00ed) 2003 (I.R. Uimh. 175 de 2003)<\/b><\/span><\/a>. Go h\u00e1irithe, tr\u00ed bh\u00edthin na Rialach\u00e1n, i gcomhr\u00e9ir leis na cumhachta\u00ed faoi alt 23(4)(a) den Acht um Phlean\u00e1il agus Forbairt, 2000, shonraigh an tAire go bhfuil an Strait\u00e9is Sp\u00e1is N\u00e1isi\u00fanta \u00e1bhartha maidir le beartais plean\u00e1la strait\u00e9is\u00ed a chinneadh. Cialla\u00edonn sin go bhfuil s\u00e9 de dhualgas ar \u00fadar\u00e1is r\u00e9igi\u00fanacha an Strait\u00e9is Sp\u00e1is N\u00e1isi\u00fanta a chur san \u00e1ireamh nuair a dh\u00e9anann siad treoirl\u00ednte plean\u00e1la r\u00e9igi\u00fana\u00ed d\u00e1 gceantair.<\/p><\/p>\n\n<p><p class=\"p1\">I m\u00ed Feabhra 2003, d\u2019eisigh an Roinn n\u00f3ta\u00ed treorach chun cabhr\u00fa le h\u00dadar\u00e1is R\u00e9igi\u00fanacha treoirl\u00ednte a ullmh\u00fa. Clice\u00e1il <a href=\"http:\/\/nss.ie\/docs\/RPG%2520Guidance%2520Note%2520Fifth%2520draft.pdf\"><span class=\"s1\"><b>Implementing the National Spatial Strategy Preparing Regional Planning Guidelines Guidance Notes (February 2003)<\/b><\/span><\/a>. T\u00e1 Treoirl\u00ednte Plean\u00e1la R\u00e9igi\u00fana\u00ed i bhfeidhm anois do gach \u00dadar\u00e1s R\u00e9igi\u00fanach agus is f\u00e9idir iad a \u00edosl\u00f3d\u00e1il \u00f3 Shu\u00edomhanna Gr\u00e9as\u00e1in na n\u00dadar\u00e1s R\u00e9igi\u00fanach (<a href=\"http:\/\/nss.ie\/Links\/\"><span class=\"s1\"><b>f\u00e9ach ar leathanach na nasc<\/b><\/span><\/a>).<\/p><\/p>\n\n<p><p class=\"p1\">\u00d3 foils\u00edodh r\u00e9amhthortha\u00ed Dhaon\u00e1ireamh na Pr\u00edomh-Oifige Staidrimh 2006 (ina ndearbha\u00edtear f\u00e1s suntasach sa daonra sna ceithre bliana roimhe sin) measadh gur g\u00e1 athbhreithni\u00fa a dh\u00e9anamh ar na r\u00e9amh-mheastach\u00e1in daonra a \u00fas\u00e1ideadh sa Strait\u00e9is Sp\u00e1is N\u00e1isi\u00fanta agus a bh\u00ed mar bhun\u00fas leis na Treoirl\u00ednte Plean\u00e1la R\u00e9igi\u00fana\u00ed a glacadh i l\u00e1r 2004. Bh\u00ed g\u00e1 leis an athbhreithni\u00fa freisin toisc nach bhfuiltear ag s\u00fail le nuashonr\u00fa \u00f3n bPr\u00edomh-Oifig Staidrimh ar r\u00e9amh-mheastach\u00e1in daonra r\u00e9igi\u00fanaigh go dt\u00ed deireadh 2007\/t\u00fas 2008. F\u00e9ach ar na r\u00e9amh-mheastach\u00e1in don daonra n\u00e1isi\u00fanta agus na spriocanna don daonra r\u00e9igi\u00fanach le haghaidh 2006\u20132020. <a href=\"http:\/\/nss.ie\/WhereareweNow\/RegionalPlanningGuidelines\/File,165,en.pdf\"><span class=\"s1\"><b>clice\u00e1il anseo chun f\u00e9achaint ar&#8230;<\/b><\/span><\/a><\/p><\/p>\n","protected":false},"excerpt":{"rendered":"<p>Chun tac\u00fa Leis an Strait\u00e9is Sp\u00e1is N\u00e1isi\u00fanta a chur chun feidhme mar chreat \u201cpicti\u00fair mh\u00f3ir\u201d chun cusp\u00f3ir an Rialtais d\u2019fhorbairt [&hellip;]<\/p>\n","protected":false},"author":7,"featured_media":0,"parent":6063,"menu_order":0,"comment_status":"closed","ping_status":"closed","template":"","meta":{"_uag_custom_page_level_css":"","site-sidebar-layout":"default","site-content-layout":"","ast-site-content-layout":"default","site-content-style":"default","site-sidebar-style":"default","ast-global-header-display":"","ast-banner-title-visibility":"","ast-main-header-display":"","ast-hfb-above-header-display":"","ast-hfb-below-header-display":"","ast-hfb-mobile-header-display":"","site-post-title":"","ast-breadcrumbs-content":"","ast-featured-img":"","footer-sml-layout":"","ast-disable-related-posts":"","theme-transparent-header-meta":"","adv-header-id-meta":"","stick-header-meta":"","header-above-stick-meta":"","header-main-stick-meta":"","header-below-stick-meta":"","astra-migrate-meta-layouts":"default","ast-page-background-enabled":"default","ast-page-background-meta":{"desktop":{"background-color":"var(--ast-global-color-5)","background-image":"","background-repeat":"repeat","background-position":"center center","background-size":"auto","background-attachment":"scroll","background-type":"","background-media":"","overlay-type":"","overlay-color":"","overlay-opacity":"","overlay-gradient":""},"tablet":{"background-color":"","background-image":"","background-repeat":"repeat","background-position":"center center","background-size":"auto","background-attachment":"scroll","background-type":"","background-media":"","overlay-type":"","overlay-color":"","overlay-opacity":"","overlay-gradient":""},"mobile":{"background-color":"","background-image":"","background-repeat":"repeat","background-position":"center center","background-size":"auto","background-attachment":"scroll","background-type":"","background-media":"","overlay-type":"","overlay-color":"","overlay-opacity":"","overlay-gradient":""}},"ast-content-background-meta":{"desktop":{"background-color":"var(--ast-global-color-4)","background-image":"","background-repeat":"repeat","background-position":"center center","background-size":"auto","background-attachment":"scroll","background-type":"","background-media":"","overlay-type":"","overlay-color":"","overlay-opacity":"","overlay-gradient":""},"tablet":{"background-color":"var(--ast-global-color-4)","background-image":"","background-repeat":"repeat","background-position":"center center","background-size":"auto","background-attachment":"scroll","background-type":"","background-media":"","overlay-type":"","overlay-color":"","overlay-opacity":"","overlay-gradient":""},"mobile":{"background-color":"var(--ast-global-color-4)","background-image":"","background-repeat":"repeat","background-position":"center center","background-size":"auto","background-attachment":"scroll","background-type":"","background-media":"","overlay-type":"","overlay-color":"","overlay-opacity":"","overlay-gradient":""}},"footnotes":""},"class_list":["post-6067","page","type-page","status-publish","hentry"],"yoast_head":"<!-- This site is optimized with the Yoast SEO plugin v27.3 - https:\/\/yoast.com\/product\/yoast-seo-wordpress\/ -->\n<title>Treoirl\u00ednte Plean\u00e1la R\u00e9igi\u00fana\u00ed na Strait\u00e9ise Sp\u00e1is N\u00e1isi\u00fanta - The National Planning Framework<\/title>\n<meta name=\"robots\" content=\"index, follow, max-snippet:-1, max-image-preview:large, max-video-preview:-1\" \/>\n<link rel=\"canonical\" href=\"https:\/\/www.npf.ie\/ga\/cad-i-an-straiteis-spais-naisiunta\/treoirlinte-pleanala-reigiunai-na-straiteise-spais-naisiunta\/\" \/>\n<meta property=\"og:locale\" content=\"ga_IE\" \/>\n<meta property=\"og:type\" content=\"article\" \/>\n<meta property=\"og:title\" content=\"Treoirl\u00ednte Plean\u00e1la R\u00e9igi\u00fana\u00ed na Strait\u00e9ise Sp\u00e1is N\u00e1isi\u00fanta - The National Planning Framework\" \/>\n<meta property=\"og:description\" content=\"Chun tac\u00fa Leis an Strait\u00e9is Sp\u00e1is N\u00e1isi\u00fanta a chur chun feidhme mar chreat \u201cpicti\u00fair mh\u00f3ir\u201d chun cusp\u00f3ir an Rialtais d\u2019fhorbairt [&hellip;]\" \/>\n<meta property=\"og:url\" content=\"https:\/\/www.npf.ie\/ga\/cad-i-an-straiteis-spais-naisiunta\/treoirlinte-pleanala-reigiunai-na-straiteise-spais-naisiunta\/\" \/>\n<meta property=\"og:site_name\" content=\"The National Planning Framework\" \/>\n<meta property=\"article:modified_time\" content=\"2020-10-20T11:17:29+00:00\" \/>\n<meta name=\"twitter:card\" content=\"summary_large_image\" \/>\n<meta name=\"twitter:label1\" content=\"Est. reading time\" \/>\n\t<meta name=\"twitter:data1\" content=\"3 minutes\" \/>\n<script type=\"application\/ld+json\" class=\"yoast-schema-graph\">{\"@context\":\"https:\\\/\\\/schema.org\",\"@graph\":[{\"@type\":\"WebPage\",\"@id\":\"https:\\\/\\\/www.npf.ie\\\/ga\\\/cad-i-an-straiteis-spais-naisiunta\\\/treoirlinte-pleanala-reigiunai-na-straiteise-spais-naisiunta\\\/\",\"url\":\"https:\\\/\\\/www.npf.ie\\\/ga\\\/cad-i-an-straiteis-spais-naisiunta\\\/treoirlinte-pleanala-reigiunai-na-straiteise-spais-naisiunta\\\/\",\"name\":\"Treoirl\u00ednte Plean\u00e1la R\u00e9igi\u00fana\u00ed na Strait\u00e9ise Sp\u00e1is N\u00e1isi\u00fanta - The National Planning Framework\",\"isPartOf\":{\"@id\":\"https:\\\/\\\/www.npf.ie\\\/ga\\\/#website\"},\"datePublished\":\"2020-09-04T15:02:26+00:00\",\"dateModified\":\"2020-10-20T11:17:29+00:00\",\"breadcrumb\":{\"@id\":\"https:\\\/\\\/www.npf.ie\\\/ga\\\/cad-i-an-straiteis-spais-naisiunta\\\/treoirlinte-pleanala-reigiunai-na-straiteise-spais-naisiunta\\\/#breadcrumb\"},\"inLanguage\":\"ga-IE\",\"potentialAction\":[{\"@type\":\"ReadAction\",\"target\":[\"https:\\\/\\\/www.npf.ie\\\/ga\\\/cad-i-an-straiteis-spais-naisiunta\\\/treoirlinte-pleanala-reigiunai-na-straiteise-spais-naisiunta\\\/\"]}]},{\"@type\":\"BreadcrumbList\",\"@id\":\"https:\\\/\\\/www.npf.ie\\\/ga\\\/cad-i-an-straiteis-spais-naisiunta\\\/treoirlinte-pleanala-reigiunai-na-straiteise-spais-naisiunta\\\/#breadcrumb\",\"itemListElement\":[{\"@type\":\"ListItem\",\"position\":1,\"name\":\"Home\",\"item\":\"https:\\\/\\\/www.npf.ie\\\/ga\\\/\"},{\"@type\":\"ListItem\",\"position\":2,\"name\":\"Cad \u00ed an Strait\u00e9is Sp\u00e1is N\u00e1isi\u00fanta?\",\"item\":\"https:\\\/\\\/www.npf.ie\\\/ga\\\/nss\\\/\"},{\"@type\":\"ListItem\",\"position\":3,\"name\":\"Treoirl\u00ednte Plean\u00e1la R\u00e9igi\u00fana\u00ed na Strait\u00e9ise Sp\u00e1is N\u00e1isi\u00fanta\"}]},{\"@type\":\"WebSite\",\"@id\":\"https:\\\/\\\/www.npf.ie\\\/ga\\\/#website\",\"url\":\"https:\\\/\\\/www.npf.ie\\\/ga\\\/\",\"name\":\"National Planning Framework\",\"description\":\"\",\"publisher\":{\"@id\":\"https:\\\/\\\/www.npf.ie\\\/ga\\\/#organization\"},\"potentialAction\":[{\"@type\":\"SearchAction\",\"target\":{\"@type\":\"EntryPoint\",\"urlTemplate\":\"https:\\\/\\\/www.npf.ie\\\/ga\\\/?s={search_term_string}\"},\"query-input\":{\"@type\":\"PropertyValueSpecification\",\"valueRequired\":true,\"valueName\":\"search_term_string\"}}],\"inLanguage\":\"ga-IE\"},{\"@type\":\"Organization\",\"@id\":\"https:\\\/\\\/www.npf.ie\\\/ga\\\/#organization\",\"name\":\"Department of Housing, Local Government and Heritage\",\"url\":\"https:\\\/\\\/www.npf.ie\\\/ga\\\/\",\"logo\":{\"@type\":\"ImageObject\",\"inLanguage\":\"ga-IE\",\"@id\":\"https:\\\/\\\/www.npf.ie\\\/ga\\\/#\\\/schema\\\/logo\\\/image\\\/\",\"url\":\"https:\\\/\\\/www.npf.ie\\\/wp-content\\\/uploads\\\/npf_logo_feb18_horizontal-3-1-1.png\",\"contentUrl\":\"https:\\\/\\\/www.npf.ie\\\/wp-content\\\/uploads\\\/npf_logo_feb18_horizontal-3-1-1.png\",\"width\":255,\"height\":46,\"caption\":\"Department of Housing, Local Government and Heritage\"},\"image\":{\"@id\":\"https:\\\/\\\/www.npf.ie\\\/ga\\\/#\\\/schema\\\/logo\\\/image\\\/\"}}]}<\/script>\n<!-- \/ Yoast SEO plugin. -->","yoast_head_json":{"title":"Treoirl\u00ednte Plean\u00e1la R\u00e9igi\u00fana\u00ed na Strait\u00e9ise Sp\u00e1is N\u00e1isi\u00fanta - The National Planning Framework","robots":{"index":"index","follow":"follow","max-snippet":"max-snippet:-1","max-image-preview":"max-image-preview:large","max-video-preview":"max-video-preview:-1"},"canonical":"https:\/\/www.npf.ie\/ga\/cad-i-an-straiteis-spais-naisiunta\/treoirlinte-pleanala-reigiunai-na-straiteise-spais-naisiunta\/","og_locale":"ga_IE","og_type":"article","og_title":"Treoirl\u00ednte Plean\u00e1la R\u00e9igi\u00fana\u00ed na Strait\u00e9ise Sp\u00e1is N\u00e1isi\u00fanta - The National Planning Framework","og_description":"Chun tac\u00fa Leis an Strait\u00e9is Sp\u00e1is N\u00e1isi\u00fanta a chur chun feidhme mar chreat \u201cpicti\u00fair mh\u00f3ir\u201d chun cusp\u00f3ir an Rialtais d\u2019fhorbairt [&hellip;]","og_url":"https:\/\/www.npf.ie\/ga\/cad-i-an-straiteis-spais-naisiunta\/treoirlinte-pleanala-reigiunai-na-straiteise-spais-naisiunta\/","og_site_name":"The National Planning Framework","article_modified_time":"2020-10-20T11:17:29+00:00","twitter_card":"summary_large_image","twitter_misc":{"Est. reading time":"3 minutes"},"schema":{"@context":"https:\/\/schema.org","@graph":[{"@type":"WebPage","@id":"https:\/\/www.npf.ie\/ga\/cad-i-an-straiteis-spais-naisiunta\/treoirlinte-pleanala-reigiunai-na-straiteise-spais-naisiunta\/","url":"https:\/\/www.npf.ie\/ga\/cad-i-an-straiteis-spais-naisiunta\/treoirlinte-pleanala-reigiunai-na-straiteise-spais-naisiunta\/","name":"Treoirl\u00ednte Plean\u00e1la R\u00e9igi\u00fana\u00ed na Strait\u00e9ise Sp\u00e1is N\u00e1isi\u00fanta - The National Planning Framework","isPartOf":{"@id":"https:\/\/www.npf.ie\/ga\/#website"},"datePublished":"2020-09-04T15:02:26+00:00","dateModified":"2020-10-20T11:17:29+00:00","breadcrumb":{"@id":"https:\/\/www.npf.ie\/ga\/cad-i-an-straiteis-spais-naisiunta\/treoirlinte-pleanala-reigiunai-na-straiteise-spais-naisiunta\/#breadcrumb"},"inLanguage":"ga-IE","potentialAction":[{"@type":"ReadAction","target":["https:\/\/www.npf.ie\/ga\/cad-i-an-straiteis-spais-naisiunta\/treoirlinte-pleanala-reigiunai-na-straiteise-spais-naisiunta\/"]}]},{"@type":"BreadcrumbList","@id":"https:\/\/www.npf.ie\/ga\/cad-i-an-straiteis-spais-naisiunta\/treoirlinte-pleanala-reigiunai-na-straiteise-spais-naisiunta\/#breadcrumb","itemListElement":[{"@type":"ListItem","position":1,"name":"Home","item":"https:\/\/www.npf.ie\/ga\/"},{"@type":"ListItem","position":2,"name":"Cad \u00ed an Strait\u00e9is Sp\u00e1is N\u00e1isi\u00fanta?","item":"https:\/\/www.npf.ie\/ga\/nss\/"},{"@type":"ListItem","position":3,"name":"Treoirl\u00ednte Plean\u00e1la R\u00e9igi\u00fana\u00ed na Strait\u00e9ise Sp\u00e1is N\u00e1isi\u00fanta"}]},{"@type":"WebSite","@id":"https:\/\/www.npf.ie\/ga\/#website","url":"https:\/\/www.npf.ie\/ga\/","name":"National Planning Framework","description":"","publisher":{"@id":"https:\/\/www.npf.ie\/ga\/#organization"},"potentialAction":[{"@type":"SearchAction","target":{"@type":"EntryPoint","urlTemplate":"https:\/\/www.npf.ie\/ga\/?s={search_term_string}"},"query-input":{"@type":"PropertyValueSpecification","valueRequired":true,"valueName":"search_term_string"}}],"inLanguage":"ga-IE"},{"@type":"Organization","@id":"https:\/\/www.npf.ie\/ga\/#organization","name":"Department of Housing, Local Government and Heritage","url":"https:\/\/www.npf.ie\/ga\/","logo":{"@type":"ImageObject","inLanguage":"ga-IE","@id":"https:\/\/www.npf.ie\/ga\/#\/schema\/logo\/image\/","url":"https:\/\/www.npf.ie\/wp-content\/uploads\/npf_logo_feb18_horizontal-3-1-1.png","contentUrl":"https:\/\/www.npf.ie\/wp-content\/uploads\/npf_logo_feb18_horizontal-3-1-1.png","width":255,"height":46,"caption":"Department of Housing, Local Government and Heritage"},"image":{"@id":"https:\/\/www.npf.ie\/ga\/#\/schema\/logo\/image\/"}}]}},"spectra_custom_meta":{"_wpml_word_count":["{\"total\":397,\"to_translate\":{\"en\":397}}"],"_vc_post_settings":["a:1:{s:10:\"vc_grid_id\";a:0:{}}"],"dt_portfolio_columns":["grid"],"dt_portfolio_navigation":["filter"],"dt_nav_number":["8"],"dt_blog_layout":["masonry-3-cols"],"dt_posts_number":["10"],"dt_sidebar_position":["no-sidebar"],"dt_all_sidebars":["page-sidebar"],"_top_nav_excluded":[""],"_cms_nav_minihome":[""],"dt_blog_vc_content":["below-posts"],"slide_template":["default"],"_last_translation_edit_mode":["translation-editor"],"_alp_processed":["1603192649"],"_wp_page_template":["default"],"_uag_css_file_name":["uag-css-6067.css"],"_uagb_previous_block_counts":["a:90:{s:21:\"uagb\/advanced-heading\";i:0;s:15:\"uagb\/blockquote\";i:0;s:12:\"uagb\/buttons\";i:0;s:18:\"uagb\/buttons-child\";i:0;s:19:\"uagb\/call-to-action\";i:0;s:15:\"uagb\/cf7-styler\";i:0;s:11:\"uagb\/column\";i:0;s:12:\"uagb\/columns\";i:0;s:14:\"uagb\/container\";i:0;s:21:\"uagb\/content-timeline\";i:0;s:27:\"uagb\/content-timeline-child\";i:0;s:14:\"uagb\/countdown\";i:0;s:12:\"uagb\/counter\";i:0;s:8:\"uagb\/faq\";i:0;s:14:\"uagb\/faq-child\";i:0;s:10:\"uagb\/forms\";i:0;s:17:\"uagb\/forms-accept\";i:0;s:19:\"uagb\/forms-checkbox\";i:0;s:15:\"uagb\/forms-date\";i:0;s:16:\"uagb\/forms-email\";i:0;s:17:\"uagb\/forms-hidden\";i:0;s:15:\"uagb\/forms-name\";i:0;s:16:\"uagb\/forms-phone\";i:0;s:16:\"uagb\/forms-radio\";i:0;s:17:\"uagb\/forms-select\";i:0;s:19:\"uagb\/forms-textarea\";i:0;s:17:\"uagb\/forms-toggle\";i:0;s:14:\"uagb\/forms-url\";i:0;s:14:\"uagb\/gf-styler\";i:0;s:15:\"uagb\/google-map\";i:0;s:11:\"uagb\/how-to\";i:0;s:16:\"uagb\/how-to-step\";i:0;s:9:\"uagb\/icon\";i:0;s:14:\"uagb\/icon-list\";i:0;s:20:\"uagb\/icon-list-child\";i:0;s:10:\"uagb\/image\";i:0;s:18:\"uagb\/image-gallery\";i:0;s:13:\"uagb\/info-box\";i:0;s:18:\"uagb\/inline-notice\";i:0;s:11:\"uagb\/lottie\";i:0;s:21:\"uagb\/marketing-button\";i:0;s:10:\"uagb\/modal\";i:0;s:18:\"uagb\/popup-builder\";i:0;s:16:\"uagb\/post-button\";i:0;s:18:\"uagb\/post-carousel\";i:0;s:17:\"uagb\/post-excerpt\";i:0;s:14:\"uagb\/post-grid\";i:0;s:15:\"uagb\/post-image\";i:0;s:17:\"uagb\/post-masonry\";i:0;s:14:\"uagb\/post-meta\";i:0;s:18:\"uagb\/post-taxonomy\";i:0;s:18:\"uagb\/post-timeline\";i:0;s:15:\"uagb\/post-title\";i:0;s:20:\"uagb\/restaurant-menu\";i:0;s:26:\"uagb\/restaurant-menu-child\";i:0;s:11:\"uagb\/review\";i:0;s:12:\"uagb\/section\";i:0;s:14:\"uagb\/separator\";i:0;s:11:\"uagb\/slider\";i:0;s:17:\"uagb\/slider-child\";i:0;s:17:\"uagb\/social-share\";i:0;s:23:\"uagb\/social-share-child\";i:0;s:16:\"uagb\/star-rating\";i:0;s:23:\"uagb\/sure-cart-checkout\";i:0;s:22:\"uagb\/sure-cart-product\";i:0;s:15:\"uagb\/sure-forms\";i:0;s:22:\"uagb\/table-of-contents\";i:0;s:9:\"uagb\/tabs\";i:0;s:15:\"uagb\/tabs-child\";i:0;s:18:\"uagb\/taxonomy-list\";i:0;s:9:\"uagb\/team\";i:0;s:16:\"uagb\/testimonial\";i:0;s:14:\"uagb\/wp-search\";i:0;s:19:\"uagb\/instagram-feed\";i:0;s:10:\"uagb\/login\";i:0;s:17:\"uagb\/loop-builder\";i:0;s:18:\"uagb\/loop-category\";i:0;s:20:\"uagb\/loop-pagination\";i:0;s:15:\"uagb\/loop-reset\";i:0;s:16:\"uagb\/loop-search\";i:0;s:14:\"uagb\/loop-sort\";i:0;s:17:\"uagb\/loop-wrapper\";i:0;s:13:\"uagb\/register\";i:0;s:19:\"uagb\/register-email\";i:0;s:24:\"uagb\/register-first-name\";i:0;s:23:\"uagb\/register-last-name\";i:0;s:22:\"uagb\/register-password\";i:0;s:30:\"uagb\/register-reenter-password\";i:0;s:19:\"uagb\/register-terms\";i:0;s:22:\"uagb\/register-username\";i:0;}"],"_uag_page_assets":["a:9:{s:3:\"css\";s:5444:\".wp-block-uagb-container.uagb-block-5aee6c9c.wp-block-uagb-container{color: var(--ast-global-color-5);}.wp-block-uagb-container.uagb-block-5aee6c9c.wp-block-uagb-container *{color: var(--ast-global-color-5);}.wp-block-uagb-container.uagb-block-5aee6c9c .uagb-container__shape-top svg{width: calc( 100% + 1.3px );}.wp-block-uagb-container.uagb-block-5aee6c9c .uagb-container__shape.uagb-container__shape-top .uagb-container__shape-fill{fill: rgba(51,51,51,1);}.wp-block-uagb-container.uagb-block-5aee6c9c .uagb-container__shape-bottom svg{width: calc( 100% + 1.3px );}.wp-block-uagb-container.uagb-block-5aee6c9c .uagb-container__shape.uagb-container__shape-bottom .uagb-container__shape-fill{fill: rgba(51,51,51,1);}.wp-block-uagb-container.uagb-block-5aee6c9c .uagb-container__video-wrap video{opacity: 1;}.wp-block-uagb-container.uagb-is-root-container .uagb-block-5aee6c9c{max-width: 100%;width: 100%;}.wp-block-uagb-container.uagb-is-root-container.alignfull.uagb-block-5aee6c9c > .uagb-container-inner-blocks-wrap{--inner-content-custom-width: min( 100%, 1200px);max-width: var(--inner-content-custom-width);width: 100%;flex-direction: column;align-items: center;justify-content: center;flex-wrap: nowrap;row-gap: 20px;column-gap: 20px;}.wp-block-uagb-container.uagb-block-5aee6c9c{box-shadow: 0px 0px   #00000070 ;padding-top: 10px;padding-bottom: 10px;padding-left: 10px;padding-right: 10px;margin-top:  !important;margin-bottom:  !important;overflow: visible;order: initial;border-color: inherit;background-color: #30665f;;row-gap: 20px;column-gap: 20px;}@media only screen and (max-width: 976px) {.wp-block-uagb-container.uagb-is-root-container .uagb-block-5aee6c9c{width: 100%;}.wp-block-uagb-container.uagb-is-root-container.alignfull.uagb-block-5aee6c9c > .uagb-container-inner-blocks-wrap{--inner-content-custom-width: min( 100%, 1024px);max-width: var(--inner-content-custom-width);width: 100%;}.wp-block-uagb-container.uagb-block-5aee6c9c{padding-top: 10px;padding-bottom: 10px;padding-left: 10px;padding-right: 10px;margin-top:  !important;margin-bottom:  !important;order: initial;background-color: #30665f;;}}@media only screen and (max-width: 767px) {.wp-block-uagb-container.uagb-is-root-container .uagb-block-5aee6c9c{max-width: 100%;width: 100%;}.wp-block-uagb-container.uagb-is-root-container.alignfull.uagb-block-5aee6c9c > .uagb-container-inner-blocks-wrap{--inner-content-custom-width: min( 100%, 767px);max-width: var(--inner-content-custom-width);width: 100%;flex-wrap: wrap;}.wp-block-uagb-container.uagb-block-5aee6c9c{padding-top: 10px;padding-bottom: 10px;padding-left: 10px;padding-right: 10px;margin-top:  !important;margin-bottom:  !important;order: initial;background-color: #30665f;;}}.wp-block-uagb-container.uagb-block-58e00206.wp-block-uagb-container{color: var(--ast-global-color-5);}.wp-block-uagb-container.uagb-block-58e00206.wp-block-uagb-container *{color: var(--ast-global-color-5);}.wp-block-uagb-container.uagb-block-58e00206 .uagb-container__shape-top svg{width: calc( 100% + 1.3px );}.wp-block-uagb-container.uagb-block-58e00206 .uagb-container__shape.uagb-container__shape-top .uagb-container__shape-fill{fill: rgba(51,51,51,1);}.wp-block-uagb-container.uagb-block-58e00206 .uagb-container__shape-bottom svg{width: calc( 100% + 1.3px );}.wp-block-uagb-container.uagb-block-58e00206 .uagb-container__shape.uagb-container__shape-bottom .uagb-container__shape-fill{fill: rgba(51,51,51,1);}.wp-block-uagb-container.uagb-block-58e00206 .uagb-container__video-wrap video{opacity: 1;}.wp-block-uagb-container.uagb-is-root-container .uagb-block-58e00206{max-width: 100%;width: 100%;}.wp-block-uagb-container.uagb-is-root-container.alignfull.uagb-block-58e00206 > .uagb-container-inner-blocks-wrap{--inner-content-custom-width: min( 100%, 1200px);max-width: var(--inner-content-custom-width);width: 100%;flex-direction: column;align-items: center;justify-content: center;flex-wrap: nowrap;row-gap: 20px;column-gap: 20px;}.wp-block-uagb-container.uagb-block-58e00206{box-shadow: 0px 0px   #00000070 ;padding-top: 10px;padding-bottom: 10px;padding-left: 10px;padding-right: 10px;margin-top:  !important;margin-bottom:  !important;overflow: visible;order: initial;border-color: inherit;background-color: #30665f;;row-gap: 20px;column-gap: 20px;}@media only screen and (max-width: 976px) {.wp-block-uagb-container.uagb-is-root-container .uagb-block-58e00206{width: 100%;}.wp-block-uagb-container.uagb-is-root-container.alignfull.uagb-block-58e00206 > .uagb-container-inner-blocks-wrap{--inner-content-custom-width: min( 100%, 1024px);max-width: var(--inner-content-custom-width);width: 100%;}.wp-block-uagb-container.uagb-block-58e00206{padding-top: 10px;padding-bottom: 10px;padding-left: 10px;padding-right: 10px;margin-top:  !important;margin-bottom:  !important;order: initial;background-color: #30665f;;}}@media only screen and (max-width: 767px) {.wp-block-uagb-container.uagb-is-root-container .uagb-block-58e00206{max-width: 100%;width: 100%;}.wp-block-uagb-container.uagb-is-root-container.alignfull.uagb-block-58e00206 > .uagb-container-inner-blocks-wrap{--inner-content-custom-width: min( 100%, 767px);max-width: var(--inner-content-custom-width);width: 100%;flex-wrap: wrap;}.wp-block-uagb-container.uagb-block-58e00206{padding-top: 10px;padding-bottom: 10px;padding-left: 10px;padding-right: 10px;margin-top:  !important;margin-bottom:  !important;order: initial;background-color: #30665f;;}}\";s:2:\"js\";s:0:\"\";s:18:\"current_block_list\";a:4:{i:0;s:14:\"core\/paragraph\";i:1;s:14:\"uagb\/container\";i:2;s:9:\"core\/list\";i:3;s:14:\"core\/list-item\";}s:8:\"uag_flag\";b:1;s:11:\"uag_version\";s:10:\"1776155313\";s:6:\"gfonts\";a:0:{}s:10:\"gfonts_url\";s:0:\"\";s:12:\"gfonts_files\";a:0:{}s:14:\"uag_faq_layout\";b:0;}"]},"uagb_featured_image_src":{"full":false,"thumbnail":false,"medium":false,"medium_large":false,"large":false,"1536x1536":false,"2048x2048":false},"uagb_author_info":{"display_name":"Business Solutions","author_link":"https:\/\/www.npf.ie\/ga\/author\/bobby\/"},"uagb_comment_info":0,"uagb_excerpt":"Chun tac\u00fa Leis an Strait\u00e9is Sp\u00e1is N\u00e1isi\u00fanta a chur chun feidhme mar chreat \u201cpicti\u00fair mh\u00f3ir\u201d chun cusp\u00f3ir an Rialtais d\u2019fhorbairt [&hellip;]","_links":{"self":[{"href":"https:\/\/www.npf.ie\/ga\/wp-json\/wp\/v2\/pages\/6067","targetHints":{"allow":["GET"]}}],"collection":[{"href":"https:\/\/www.npf.ie\/ga\/wp-json\/wp\/v2\/pages"}],"about":[{"href":"https:\/\/www.npf.ie\/ga\/wp-json\/wp\/v2\/types\/page"}],"author":[{"embeddable":true,"href":"https:\/\/www.npf.ie\/ga\/wp-json\/wp\/v2\/users\/7"}],"replies":[{"embeddable":true,"href":"https:\/\/www.npf.ie\/ga\/wp-json\/wp\/v2\/comments?post=6067"}],"version-history":[{"count":1,"href":"https:\/\/www.npf.ie\/ga\/wp-json\/wp\/v2\/pages\/6067\/revisions"}],"predecessor-version":[{"id":6068,"href":"https:\/\/www.npf.ie\/ga\/wp-json\/wp\/v2\/pages\/6067\/revisions\/6068"}],"up":[{"embeddable":true,"href":"https:\/\/www.npf.ie\/ga\/wp-json\/wp\/v2\/pages\/6063"}],"wp:attachment":[{"href":"https:\/\/www.npf.ie\/ga\/wp-json\/wp\/v2\/media?parent=6067"}],"curies":[{"name":"wp","href":"https:\/\/api.w.org\/{rel}","templated":true}]}}