
{"id":6063,"date":"2020-09-04T14:49:58","date_gmt":"2020-09-04T14:49:58","guid":{"rendered":"https:\/\/www.npf.ie\/cad-i-an-straiteis-spais-naisiunta\/"},"modified":"2020-10-20T11:13:28","modified_gmt":"2020-10-20T11:13:28","slug":"cad-i-an-straiteis-spais-naisiunta","status":"publish","type":"page","link":"https:\/\/www.npf.ie\/ga\/cad-i-an-straiteis-spais-naisiunta\/","title":{"rendered":"Cad \u00ed an Strait\u00e9is Sp\u00e1is N\u00e1isi\u00fanta?"},"content":{"rendered":"\n<p><p class=\"p1\">Is creat soil\u00e9ir n\u00e1isi\u00fanta plean\u00e1la d\u2019\u00c9irinn don 20 bliain at\u00e1 amach romhainn \u00ed an Strait\u00e9is Sp\u00e1is N\u00e1isi\u00fanta. <a href=\"http:\/\/nss.ie\/pdfs\/Guidea.pdf\"><span class=\"s1\"><b>Clice\u00e1il anseo chun an treoir achomair maidir leis an Strait\u00e9is Sp\u00e1is N\u00e1isi\u00fanta a \u00edosl\u00f3d\u00e1il i bhform\u00e1id PDF (i mB\u00e9arla) (420kb)<\/b><\/span><\/a> <a href=\"http:\/\/nss.ie\/pdfs\/Completea.pdf\"><span class=\"s1\"><b>Clice\u00e1il anseo chun t\u00e9acs ioml\u00e1n na Strait\u00e9ise Sp\u00e1is N\u00e1isi\u00fanta a \u00edosl\u00f3d\u00e1il i bhform\u00e1id PDF (i mB\u00e9arla) (4mbs)<\/b><\/span><\/a> Is \u00e9 is aidhm don Strait\u00e9is Sp\u00e1is N\u00e1isi\u00fanta cothroma\u00edocht n\u00edos fearr a bhaint amach idir forbairt sh\u00f3isialta, eacnama\u00edoch agus fhisici\u00fail ar fud na h\u00c9ireann, agus tac\u00f3far l\u00e9i ach plean\u00e1il n\u00edos \u00e9ifeachta\u00ed a dh\u00e9anamh. Chun forbairt a spreagadh sna r\u00e9igi\u00fain, molann an Strait\u00e9is go bhforbr\u00f3far ceantair at\u00e1 ar sc\u00e1la leordh\u00f3thanach agus at\u00e1 m\u00f3r go leor tr\u00ed l\u00edonra tairseacha agus mol. Baineann an Strait\u00e9is le daoine, le h\u00e1iteanna agus le hacmhainneacht. Leis an leas is fearr a bhaint as \u00e1r gcathracha, \u00e1r mbailte agus \u00e1r n-\u00e1iteanna tuaithe chun go mbeidh n\u00edos m\u00f3 deiseanna ann, go mbeidh caighde\u00e1n na beatha n\u00edos fearr agus go mbeidh \u00e1iteanna n\u00edos fearr le maireacht\u00e1il iontu.<\/p><\/p>\n\n<p><p class=\"p1\">C\u00e9 gur sainaithn\u00edodh Baile \u00c1tha Cliath, Corcaigh, Luimneach\/Sionainn, Gaillimh agus Port L\u00e1irge mar thairseacha at\u00e1 sa Phlean Forbartha N\u00e1isi\u00fanta 2000\u20132006, d\u2019ainmnigh an Strait\u00e9is Sp\u00e1is N\u00e1isi\u00fanta ceithre thairseach nua ar leibh\u00e9al n\u00e1isi\u00fanta \u2013 bailte Dh\u00fan Dealgan agus Shligigh agus na tairseacha nasctha Leitir Ceanainn\/(Doire) agus Baile \u00c1tha Luain\/Tulach Mh\u00f3r\/an Muileann gCearr i l\u00e1r na t\u00edre <a href=\"http:\/\/nss.ie\/images\/NSSMap2.JPG\"><span class=\"s1\"><b>(F\u00e9ach an l\u00e9arsc\u00e1il).<\/b><\/span><\/a><\/p><\/p>\n\n<p>Ina theannta sin, sainaithin an Strait\u00e9is Sp\u00e1is N\u00e1isi\u00fanta naoi \u201cmol\u201d me\u00e1nmh\u00e9ide at\u00e1 suite go strait\u00e9iseach a thac\u00f3idh leis na tairseacha agus a dtac\u00f3idh na tairseacha leo freisin agus a nascfaidh na tairseacha le ceantair thuaithe n\u00edos leithne. Is iad na moil a sainaithn\u00edodh an Cabh\u00e1n, Cill Chainnigh, Inis, Loch Garman, Mala, Muineach\u00e1n agus Tuaim mar aon leis na moil nasctha B\u00e9al an \u00c1tha\/Caisle\u00e1n an Bharraigh agus Tr\u00e1 L\u00ed\/Cill Airne, agus oibreoidh siad le ch\u00e9ile chun forbairt r\u00e9igi\u00fanach a chur chun cinn ina gceantair. Caithfear r\u00f3l na dtairseacha at\u00e1 ag gn\u00edomh\u00fa ar an leibh\u00e9al n\u00e1isi\u00fanta, mar aon le r\u00f3l na mol at\u00e1 ag gn\u00edomh\u00fa ar an leibh\u00e9al r\u00e9igi\u00fanach agus ar leibh\u00e9al an chontae, a thabhairt le ch\u00e9ile leis na bailte contae agus na bailte m\u00f3ra eile mar fh\u00f3cas d\u2019fheidhmeanna gn\u00f3, c\u00f3naithe, seirbh\u00edse agus taitneamhachta. Sainaithn\u00edonn an Strait\u00e9is gur g\u00e1 tac\u00fa le r\u00f3l na mbailte beaga, na sr\u00e1idbhailte agus na gceantar tuaithe ar leibh\u00e9al \u00e1iti\u00fail.<\/p>\n\n<p><p class=\"p1\">Rinneadh dul chun cinn suntasach ar leibh\u00e9al n\u00e1isi\u00fanta maidir leis an Strait\u00e9is a chur chun feidhme, agus t\u00e1 an tionchar at\u00e1 aici ar bheartais agus ar chl\u00e1ir i roinnt Ranna agus gn\u00edomhaireachta\u00ed Rialtais ag dul i m\u00e9id.<\/p><\/p>\n\n<p><p class=\"p1\">Ail\u00edn\u00edonn an <a href=\"http:\/\/www.ndp.ie\/\"><span class=\"s1\"><b>Plean Forbartha N\u00e1isi\u00fanta 2007\u20132013<\/b><\/span><\/a> an Strait\u00e9is go l\u00e1rnach ann tr\u00ed chaibidil chothrom\u00e1nach ar leith maidir leis an bhforbairt chothrom r\u00e9igi\u00fanach. A bhu\u00ed le tiomantas sin an Rialtais chun gn\u00e9 na forbartha r\u00e9igi\u00fana\u00ed de Phlean Forbartha N\u00e1isi\u00fanta 2007\u20132013 a ail\u00edni\u00fa le cusp\u00f3ir\u00ed na Strait\u00e9ise Sp\u00e1is N\u00e1isi\u00fanta agus tosa\u00edocht a thabhairt d\u2019infheist\u00edocht chaipitil i gcomhr\u00e9ir leis an Strait\u00e9ise, bun\u00f3far an Strait\u00e9is mar bheart inmharthana agus praitici\u00fail beartais chun forbairt r\u00e9igi\u00fanach n\u00edos cothroime a spreagadh. Cuirfidh s\u00e9 sin an Strait\u00e9is i gcro\u00edl\u00e1r na gcinnt\u00ed a dh\u00e9anfar maidir le bonneagar caipitil sna seacht mbliana at\u00e1 amach romhainn.<\/p>&#13;\n<p class=\"p1\">For\u00e1iltear do <b>Chiste Nu\u00e1la\u00edochta Tairs\u00ed <\/b>i bPlean Forbartha N\u00e1isi\u00fanta 2007\u20132013 arb \u00e9 is aidhm d\u00f3 f\u00e1s na naoi gcathair agus mbaile tairs\u00ed a shainaithn\u00edtear faoin Strait\u00e9is Sp\u00e1is N\u00e1isi\u00fanta a fheabhs\u00fa. T\u00e1 leithdh\u00e1ileadh tosaigh st\u00e1tchiste de Euro300m \u00e1 shol\u00e1thar tr\u00edd an gCiste a oibreoidh ar dt\u00fas ar bhonn p\u00edol\u00f3tach don tr\u00e9imhse 2008\u20132010. Faoi bhainist\u00edocht na Roinne Comhshaoil, Oidhreachta agus Rialtais \u00c1iti\u00fail, cuirfear sc\u00e9im mhionsonraithe maidir le hoibri\u00fa an Chiste nua i gcr\u00edch go gairid.<\/p>&#13;\n<p class=\"p1\">Ar leibh\u00e9al R\u00e9igi\u00fanach, cuireadh nasc t\u00e1bhachtach beartais i bhfeidhm idir tosa\u00edochta\u00ed forbartha n\u00e1isi\u00fanta agus plean\u00e1il \u00e1iti\u00fail nuair a glacadh<b> Treoirl\u00ednte Plean\u00e1la R\u00e9igi\u00fana\u00ed <\/b>i l\u00e1r 2004.<\/p>&#13;\n<p class=\"p1\">Ar leibh\u00e9al an Chontae agus na Cathrach, t\u00e1 <b>Creata\u00ed Plean\u00e1la Comhth\u00e1ite<\/b> i bhfeidhm le haghaidh beagnach gach tairs\u00ed.<\/p><\/p>\n","protected":false},"excerpt":{"rendered":"<p>Is creat soil\u00e9ir n\u00e1isi\u00fanta plean\u00e1la d\u2019\u00c9irinn don 20 bliain at\u00e1 amach romhainn \u00ed an Strait\u00e9is Sp\u00e1is N\u00e1isi\u00fanta. Clice\u00e1il anseo chun [&hellip;]<\/p>\n","protected":false},"author":7,"featured_media":0,"parent":0,"menu_order":0,"comment_status":"closed","ping_status":"closed","template":"","meta":{"_uag_custom_page_level_css":"","site-sidebar-layout":"default","site-content-layout":"","ast-site-content-layout":"default","site-content-style":"default","site-sidebar-style":"default","ast-global-header-display":"","ast-banner-title-visibility":"","ast-main-header-display":"","ast-hfb-above-header-display":"","ast-hfb-below-header-display":"","ast-hfb-mobile-header-display":"","site-post-title":"","ast-breadcrumbs-content":"","ast-featured-img":"","footer-sml-layout":"","ast-disable-related-posts":"","theme-transparent-header-meta":"","adv-header-id-meta":"","stick-header-meta":"","header-above-stick-meta":"","header-main-stick-meta":"","header-below-stick-meta":"","astra-migrate-meta-layouts":"default","ast-page-background-enabled":"default","ast-page-background-meta":{"desktop":{"background-color":"var(--ast-global-color-5)","background-image":"","background-repeat":"repeat","background-position":"center center","background-size":"auto","background-attachment":"scroll","background-type":"","background-media":"","overlay-type":"","overlay-color":"","overlay-opacity":"","overlay-gradient":""},"tablet":{"background-color":"","background-image":"","background-repeat":"repeat","background-position":"center center","background-size":"auto","background-attachment":"scroll","background-type":"","background-media":"","overlay-type":"","overlay-color":"","overlay-opacity":"","overlay-gradient":""},"mobile":{"background-color":"","background-image":"","background-repeat":"repeat","background-position":"center center","background-size":"auto","background-attachment":"scroll","background-type":"","background-media":"","overlay-type":"","overlay-color":"","overlay-opacity":"","overlay-gradient":""}},"ast-content-background-meta":{"desktop":{"background-color":"var(--ast-global-color-4)","background-image":"","background-repeat":"repeat","background-position":"center center","background-size":"auto","background-attachment":"scroll","background-type":"","background-media":"","overlay-type":"","overlay-color":"","overlay-opacity":"","overlay-gradient":""},"tablet":{"background-color":"var(--ast-global-color-4)","background-image":"","background-repeat":"repeat","background-position":"center center","background-size":"auto","background-attachment":"scroll","background-type":"","background-media":"","overlay-type":"","overlay-color":"","overlay-opacity":"","overlay-gradient":""},"mobile":{"background-color":"var(--ast-global-color-4)","background-image":"","background-repeat":"repeat","background-position":"center center","background-size":"auto","background-attachment":"scroll","background-type":"","background-media":"","overlay-type":"","overlay-color":"","overlay-opacity":"","overlay-gradient":""}},"footnotes":""},"class_list":["post-6063","page","type-page","status-publish","hentry"],"yoast_head":"<!-- This site is optimized with the Yoast SEO plugin v27.3 - https:\/\/yoast.com\/product\/yoast-seo-wordpress\/ -->\n<title>Cad \u00ed an Strait\u00e9is Sp\u00e1is N\u00e1isi\u00fanta? - The National Planning Framework<\/title>\n<meta name=\"robots\" content=\"index, follow, max-snippet:-1, max-image-preview:large, max-video-preview:-1\" \/>\n<link rel=\"canonical\" href=\"https:\/\/www.npf.ie\/ga\/cad-i-an-straiteis-spais-naisiunta\/\" \/>\n<meta property=\"og:locale\" content=\"ga_IE\" \/>\n<meta property=\"og:type\" content=\"article\" \/>\n<meta property=\"og:title\" content=\"Cad \u00ed an Strait\u00e9is Sp\u00e1is N\u00e1isi\u00fanta? - The National Planning Framework\" \/>\n<meta property=\"og:description\" content=\"Is creat soil\u00e9ir n\u00e1isi\u00fanta plean\u00e1la d\u2019\u00c9irinn don 20 bliain at\u00e1 amach romhainn \u00ed an Strait\u00e9is Sp\u00e1is N\u00e1isi\u00fanta. Clice\u00e1il anseo chun [&hellip;]\" \/>\n<meta property=\"og:url\" content=\"https:\/\/www.npf.ie\/ga\/cad-i-an-straiteis-spais-naisiunta\/\" \/>\n<meta property=\"og:site_name\" content=\"The National Planning Framework\" \/>\n<meta property=\"article:modified_time\" content=\"2020-10-20T11:13:28+00:00\" \/>\n<meta name=\"twitter:card\" content=\"summary_large_image\" \/>\n<meta name=\"twitter:label1\" content=\"Est. reading time\" \/>\n\t<meta name=\"twitter:data1\" content=\"4 minutes\" \/>\n<script type=\"application\/ld+json\" class=\"yoast-schema-graph\">{\"@context\":\"https:\\\/\\\/schema.org\",\"@graph\":[{\"@type\":\"WebPage\",\"@id\":\"https:\\\/\\\/www.npf.ie\\\/ga\\\/cad-i-an-straiteis-spais-naisiunta\\\/\",\"url\":\"https:\\\/\\\/www.npf.ie\\\/ga\\\/cad-i-an-straiteis-spais-naisiunta\\\/\",\"name\":\"Cad \u00ed an Strait\u00e9is Sp\u00e1is N\u00e1isi\u00fanta? - The National Planning Framework\",\"isPartOf\":{\"@id\":\"https:\\\/\\\/www.npf.ie\\\/ga\\\/#website\"},\"datePublished\":\"2020-09-04T14:49:58+00:00\",\"dateModified\":\"2020-10-20T11:13:28+00:00\",\"breadcrumb\":{\"@id\":\"https:\\\/\\\/www.npf.ie\\\/ga\\\/cad-i-an-straiteis-spais-naisiunta\\\/#breadcrumb\"},\"inLanguage\":\"ga-IE\",\"potentialAction\":[{\"@type\":\"ReadAction\",\"target\":[\"https:\\\/\\\/www.npf.ie\\\/ga\\\/cad-i-an-straiteis-spais-naisiunta\\\/\"]}]},{\"@type\":\"BreadcrumbList\",\"@id\":\"https:\\\/\\\/www.npf.ie\\\/ga\\\/cad-i-an-straiteis-spais-naisiunta\\\/#breadcrumb\",\"itemListElement\":[{\"@type\":\"ListItem\",\"position\":1,\"name\":\"Home\",\"item\":\"https:\\\/\\\/www.npf.ie\\\/ga\\\/\"},{\"@type\":\"ListItem\",\"position\":2,\"name\":\"Cad \u00ed an Strait\u00e9is Sp\u00e1is N\u00e1isi\u00fanta?\"}]},{\"@type\":\"WebSite\",\"@id\":\"https:\\\/\\\/www.npf.ie\\\/ga\\\/#website\",\"url\":\"https:\\\/\\\/www.npf.ie\\\/ga\\\/\",\"name\":\"National Planning Framework\",\"description\":\"\",\"publisher\":{\"@id\":\"https:\\\/\\\/www.npf.ie\\\/ga\\\/#organization\"},\"potentialAction\":[{\"@type\":\"SearchAction\",\"target\":{\"@type\":\"EntryPoint\",\"urlTemplate\":\"https:\\\/\\\/www.npf.ie\\\/ga\\\/?s={search_term_string}\"},\"query-input\":{\"@type\":\"PropertyValueSpecification\",\"valueRequired\":true,\"valueName\":\"search_term_string\"}}],\"inLanguage\":\"ga-IE\"},{\"@type\":\"Organization\",\"@id\":\"https:\\\/\\\/www.npf.ie\\\/ga\\\/#organization\",\"name\":\"Department of Housing, Local Government and Heritage\",\"url\":\"https:\\\/\\\/www.npf.ie\\\/ga\\\/\",\"logo\":{\"@type\":\"ImageObject\",\"inLanguage\":\"ga-IE\",\"@id\":\"https:\\\/\\\/www.npf.ie\\\/ga\\\/#\\\/schema\\\/logo\\\/image\\\/\",\"url\":\"https:\\\/\\\/www.npf.ie\\\/wp-content\\\/uploads\\\/npf_logo_feb18_horizontal-3-1-1.png\",\"contentUrl\":\"https:\\\/\\\/www.npf.ie\\\/wp-content\\\/uploads\\\/npf_logo_feb18_horizontal-3-1-1.png\",\"width\":255,\"height\":46,\"caption\":\"Department of Housing, Local Government and Heritage\"},\"image\":{\"@id\":\"https:\\\/\\\/www.npf.ie\\\/ga\\\/#\\\/schema\\\/logo\\\/image\\\/\"}}]}<\/script>\n<!-- \/ Yoast SEO plugin. -->","yoast_head_json":{"title":"Cad \u00ed an Strait\u00e9is Sp\u00e1is N\u00e1isi\u00fanta? - The National Planning Framework","robots":{"index":"index","follow":"follow","max-snippet":"max-snippet:-1","max-image-preview":"max-image-preview:large","max-video-preview":"max-video-preview:-1"},"canonical":"https:\/\/www.npf.ie\/ga\/cad-i-an-straiteis-spais-naisiunta\/","og_locale":"ga_IE","og_type":"article","og_title":"Cad \u00ed an Strait\u00e9is Sp\u00e1is N\u00e1isi\u00fanta? - The National Planning Framework","og_description":"Is creat soil\u00e9ir n\u00e1isi\u00fanta plean\u00e1la d\u2019\u00c9irinn don 20 bliain at\u00e1 amach romhainn \u00ed an Strait\u00e9is Sp\u00e1is N\u00e1isi\u00fanta. Clice\u00e1il anseo chun [&hellip;]","og_url":"https:\/\/www.npf.ie\/ga\/cad-i-an-straiteis-spais-naisiunta\/","og_site_name":"The National Planning Framework","article_modified_time":"2020-10-20T11:13:28+00:00","twitter_card":"summary_large_image","twitter_misc":{"Est. reading time":"4 minutes"},"schema":{"@context":"https:\/\/schema.org","@graph":[{"@type":"WebPage","@id":"https:\/\/www.npf.ie\/ga\/cad-i-an-straiteis-spais-naisiunta\/","url":"https:\/\/www.npf.ie\/ga\/cad-i-an-straiteis-spais-naisiunta\/","name":"Cad \u00ed an Strait\u00e9is Sp\u00e1is N\u00e1isi\u00fanta? - The National Planning Framework","isPartOf":{"@id":"https:\/\/www.npf.ie\/ga\/#website"},"datePublished":"2020-09-04T14:49:58+00:00","dateModified":"2020-10-20T11:13:28+00:00","breadcrumb":{"@id":"https:\/\/www.npf.ie\/ga\/cad-i-an-straiteis-spais-naisiunta\/#breadcrumb"},"inLanguage":"ga-IE","potentialAction":[{"@type":"ReadAction","target":["https:\/\/www.npf.ie\/ga\/cad-i-an-straiteis-spais-naisiunta\/"]}]},{"@type":"BreadcrumbList","@id":"https:\/\/www.npf.ie\/ga\/cad-i-an-straiteis-spais-naisiunta\/#breadcrumb","itemListElement":[{"@type":"ListItem","position":1,"name":"Home","item":"https:\/\/www.npf.ie\/ga\/"},{"@type":"ListItem","position":2,"name":"Cad \u00ed an Strait\u00e9is Sp\u00e1is N\u00e1isi\u00fanta?"}]},{"@type":"WebSite","@id":"https:\/\/www.npf.ie\/ga\/#website","url":"https:\/\/www.npf.ie\/ga\/","name":"National Planning Framework","description":"","publisher":{"@id":"https:\/\/www.npf.ie\/ga\/#organization"},"potentialAction":[{"@type":"SearchAction","target":{"@type":"EntryPoint","urlTemplate":"https:\/\/www.npf.ie\/ga\/?s={search_term_string}"},"query-input":{"@type":"PropertyValueSpecification","valueRequired":true,"valueName":"search_term_string"}}],"inLanguage":"ga-IE"},{"@type":"Organization","@id":"https:\/\/www.npf.ie\/ga\/#organization","name":"Department of Housing, Local Government and Heritage","url":"https:\/\/www.npf.ie\/ga\/","logo":{"@type":"ImageObject","inLanguage":"ga-IE","@id":"https:\/\/www.npf.ie\/ga\/#\/schema\/logo\/image\/","url":"https:\/\/www.npf.ie\/wp-content\/uploads\/npf_logo_feb18_horizontal-3-1-1.png","contentUrl":"https:\/\/www.npf.ie\/wp-content\/uploads\/npf_logo_feb18_horizontal-3-1-1.png","width":255,"height":46,"caption":"Department of Housing, Local Government and Heritage"},"image":{"@id":"https:\/\/www.npf.ie\/ga\/#\/schema\/logo\/image\/"}}]}},"spectra_custom_meta":{"_wpml_word_count":["{\"total\":642,\"to_translate\":{\"en\":642}}"],"_vc_post_settings":["a:1:{s:10:\"vc_grid_id\";a:0:{}}"],"dt_portfolio_columns":["grid"],"dt_portfolio_navigation":["filter"],"dt_nav_number":["8"],"dt_blog_layout":["masonry-3-cols"],"dt_posts_number":["10"],"dt_sidebar_position":["no-sidebar"],"dt_all_sidebars":["page-sidebar"],"_top_nav_excluded":[""],"_cms_nav_minihome":[""],"dt_blog_vc_content":["below-posts"],"slide_template":["default"],"_last_translation_edit_mode":["translation-editor"],"_alp_processed":["1603192408"],"_wp_page_template":[""],"_uag_css_file_name":["uag-css-6063.css"],"_uagb_previous_block_counts":["a:90:{s:21:\"uagb\/advanced-heading\";i:0;s:15:\"uagb\/blockquote\";i:0;s:12:\"uagb\/buttons\";i:0;s:18:\"uagb\/buttons-child\";i:0;s:19:\"uagb\/call-to-action\";i:0;s:15:\"uagb\/cf7-styler\";i:0;s:11:\"uagb\/column\";i:0;s:12:\"uagb\/columns\";i:0;s:14:\"uagb\/container\";i:0;s:21:\"uagb\/content-timeline\";i:0;s:27:\"uagb\/content-timeline-child\";i:0;s:14:\"uagb\/countdown\";i:0;s:12:\"uagb\/counter\";i:0;s:8:\"uagb\/faq\";i:0;s:14:\"uagb\/faq-child\";i:0;s:10:\"uagb\/forms\";i:0;s:17:\"uagb\/forms-accept\";i:0;s:19:\"uagb\/forms-checkbox\";i:0;s:15:\"uagb\/forms-date\";i:0;s:16:\"uagb\/forms-email\";i:0;s:17:\"uagb\/forms-hidden\";i:0;s:15:\"uagb\/forms-name\";i:0;s:16:\"uagb\/forms-phone\";i:0;s:16:\"uagb\/forms-radio\";i:0;s:17:\"uagb\/forms-select\";i:0;s:19:\"uagb\/forms-textarea\";i:0;s:17:\"uagb\/forms-toggle\";i:0;s:14:\"uagb\/forms-url\";i:0;s:14:\"uagb\/gf-styler\";i:0;s:15:\"uagb\/google-map\";i:0;s:11:\"uagb\/how-to\";i:0;s:16:\"uagb\/how-to-step\";i:0;s:9:\"uagb\/icon\";i:0;s:14:\"uagb\/icon-list\";i:0;s:20:\"uagb\/icon-list-child\";i:0;s:10:\"uagb\/image\";i:0;s:18:\"uagb\/image-gallery\";i:0;s:13:\"uagb\/info-box\";i:0;s:18:\"uagb\/inline-notice\";i:0;s:11:\"uagb\/lottie\";i:0;s:21:\"uagb\/marketing-button\";i:0;s:10:\"uagb\/modal\";i:0;s:18:\"uagb\/popup-builder\";i:0;s:16:\"uagb\/post-button\";i:0;s:18:\"uagb\/post-carousel\";i:0;s:17:\"uagb\/post-excerpt\";i:0;s:14:\"uagb\/post-grid\";i:0;s:15:\"uagb\/post-image\";i:0;s:17:\"uagb\/post-masonry\";i:0;s:14:\"uagb\/post-meta\";i:0;s:18:\"uagb\/post-taxonomy\";i:0;s:18:\"uagb\/post-timeline\";i:0;s:15:\"uagb\/post-title\";i:0;s:20:\"uagb\/restaurant-menu\";i:0;s:26:\"uagb\/restaurant-menu-child\";i:0;s:11:\"uagb\/review\";i:0;s:12:\"uagb\/section\";i:0;s:14:\"uagb\/separator\";i:0;s:11:\"uagb\/slider\";i:0;s:17:\"uagb\/slider-child\";i:0;s:17:\"uagb\/social-share\";i:0;s:23:\"uagb\/social-share-child\";i:0;s:16:\"uagb\/star-rating\";i:0;s:23:\"uagb\/sure-cart-checkout\";i:0;s:22:\"uagb\/sure-cart-product\";i:0;s:15:\"uagb\/sure-forms\";i:0;s:22:\"uagb\/table-of-contents\";i:0;s:9:\"uagb\/tabs\";i:0;s:15:\"uagb\/tabs-child\";i:0;s:18:\"uagb\/taxonomy-list\";i:0;s:9:\"uagb\/team\";i:0;s:16:\"uagb\/testimonial\";i:0;s:14:\"uagb\/wp-search\";i:0;s:19:\"uagb\/instagram-feed\";i:0;s:10:\"uagb\/login\";i:0;s:17:\"uagb\/loop-builder\";i:0;s:18:\"uagb\/loop-category\";i:0;s:20:\"uagb\/loop-pagination\";i:0;s:15:\"uagb\/loop-reset\";i:0;s:16:\"uagb\/loop-search\";i:0;s:14:\"uagb\/loop-sort\";i:0;s:17:\"uagb\/loop-wrapper\";i:0;s:13:\"uagb\/register\";i:0;s:19:\"uagb\/register-email\";i:0;s:24:\"uagb\/register-first-name\";i:0;s:23:\"uagb\/register-last-name\";i:0;s:22:\"uagb\/register-password\";i:0;s:30:\"uagb\/register-reenter-password\";i:0;s:19:\"uagb\/register-terms\";i:0;s:22:\"uagb\/register-username\";i:0;}"],"_uag_page_assets":["a:9:{s:3:\"css\";s:5444:\".wp-block-uagb-container.uagb-block-5aee6c9c.wp-block-uagb-container{color: var(--ast-global-color-5);}.wp-block-uagb-container.uagb-block-5aee6c9c.wp-block-uagb-container *{color: var(--ast-global-color-5);}.wp-block-uagb-container.uagb-block-5aee6c9c .uagb-container__shape-top svg{width: calc( 100% + 1.3px );}.wp-block-uagb-container.uagb-block-5aee6c9c .uagb-container__shape.uagb-container__shape-top .uagb-container__shape-fill{fill: rgba(51,51,51,1);}.wp-block-uagb-container.uagb-block-5aee6c9c .uagb-container__shape-bottom svg{width: calc( 100% + 1.3px );}.wp-block-uagb-container.uagb-block-5aee6c9c .uagb-container__shape.uagb-container__shape-bottom .uagb-container__shape-fill{fill: rgba(51,51,51,1);}.wp-block-uagb-container.uagb-block-5aee6c9c .uagb-container__video-wrap video{opacity: 1;}.wp-block-uagb-container.uagb-is-root-container .uagb-block-5aee6c9c{max-width: 100%;width: 100%;}.wp-block-uagb-container.uagb-is-root-container.alignfull.uagb-block-5aee6c9c > .uagb-container-inner-blocks-wrap{--inner-content-custom-width: min( 100%, 1200px);max-width: var(--inner-content-custom-width);width: 100%;flex-direction: column;align-items: center;justify-content: center;flex-wrap: nowrap;row-gap: 20px;column-gap: 20px;}.wp-block-uagb-container.uagb-block-5aee6c9c{box-shadow: 0px 0px   #00000070 ;padding-top: 10px;padding-bottom: 10px;padding-left: 10px;padding-right: 10px;margin-top:  !important;margin-bottom:  !important;overflow: visible;order: initial;border-color: inherit;background-color: #30665f;;row-gap: 20px;column-gap: 20px;}@media only screen and (max-width: 976px) {.wp-block-uagb-container.uagb-is-root-container .uagb-block-5aee6c9c{width: 100%;}.wp-block-uagb-container.uagb-is-root-container.alignfull.uagb-block-5aee6c9c > .uagb-container-inner-blocks-wrap{--inner-content-custom-width: min( 100%, 1024px);max-width: var(--inner-content-custom-width);width: 100%;}.wp-block-uagb-container.uagb-block-5aee6c9c{padding-top: 10px;padding-bottom: 10px;padding-left: 10px;padding-right: 10px;margin-top:  !important;margin-bottom:  !important;order: initial;background-color: #30665f;;}}@media only screen and (max-width: 767px) {.wp-block-uagb-container.uagb-is-root-container .uagb-block-5aee6c9c{max-width: 100%;width: 100%;}.wp-block-uagb-container.uagb-is-root-container.alignfull.uagb-block-5aee6c9c > .uagb-container-inner-blocks-wrap{--inner-content-custom-width: min( 100%, 767px);max-width: var(--inner-content-custom-width);width: 100%;flex-wrap: wrap;}.wp-block-uagb-container.uagb-block-5aee6c9c{padding-top: 10px;padding-bottom: 10px;padding-left: 10px;padding-right: 10px;margin-top:  !important;margin-bottom:  !important;order: initial;background-color: #30665f;;}}.wp-block-uagb-container.uagb-block-58e00206.wp-block-uagb-container{color: var(--ast-global-color-5);}.wp-block-uagb-container.uagb-block-58e00206.wp-block-uagb-container *{color: var(--ast-global-color-5);}.wp-block-uagb-container.uagb-block-58e00206 .uagb-container__shape-top svg{width: calc( 100% + 1.3px );}.wp-block-uagb-container.uagb-block-58e00206 .uagb-container__shape.uagb-container__shape-top .uagb-container__shape-fill{fill: rgba(51,51,51,1);}.wp-block-uagb-container.uagb-block-58e00206 .uagb-container__shape-bottom svg{width: calc( 100% + 1.3px );}.wp-block-uagb-container.uagb-block-58e00206 .uagb-container__shape.uagb-container__shape-bottom .uagb-container__shape-fill{fill: rgba(51,51,51,1);}.wp-block-uagb-container.uagb-block-58e00206 .uagb-container__video-wrap video{opacity: 1;}.wp-block-uagb-container.uagb-is-root-container .uagb-block-58e00206{max-width: 100%;width: 100%;}.wp-block-uagb-container.uagb-is-root-container.alignfull.uagb-block-58e00206 > .uagb-container-inner-blocks-wrap{--inner-content-custom-width: min( 100%, 1200px);max-width: var(--inner-content-custom-width);width: 100%;flex-direction: column;align-items: center;justify-content: center;flex-wrap: nowrap;row-gap: 20px;column-gap: 20px;}.wp-block-uagb-container.uagb-block-58e00206{box-shadow: 0px 0px   #00000070 ;padding-top: 10px;padding-bottom: 10px;padding-left: 10px;padding-right: 10px;margin-top:  !important;margin-bottom:  !important;overflow: visible;order: initial;border-color: inherit;background-color: #30665f;;row-gap: 20px;column-gap: 20px;}@media only screen and (max-width: 976px) {.wp-block-uagb-container.uagb-is-root-container .uagb-block-58e00206{width: 100%;}.wp-block-uagb-container.uagb-is-root-container.alignfull.uagb-block-58e00206 > .uagb-container-inner-blocks-wrap{--inner-content-custom-width: min( 100%, 1024px);max-width: var(--inner-content-custom-width);width: 100%;}.wp-block-uagb-container.uagb-block-58e00206{padding-top: 10px;padding-bottom: 10px;padding-left: 10px;padding-right: 10px;margin-top:  !important;margin-bottom:  !important;order: initial;background-color: #30665f;;}}@media only screen and (max-width: 767px) {.wp-block-uagb-container.uagb-is-root-container .uagb-block-58e00206{max-width: 100%;width: 100%;}.wp-block-uagb-container.uagb-is-root-container.alignfull.uagb-block-58e00206 > .uagb-container-inner-blocks-wrap{--inner-content-custom-width: min( 100%, 767px);max-width: var(--inner-content-custom-width);width: 100%;flex-wrap: wrap;}.wp-block-uagb-container.uagb-block-58e00206{padding-top: 10px;padding-bottom: 10px;padding-left: 10px;padding-right: 10px;margin-top:  !important;margin-bottom:  !important;order: initial;background-color: #30665f;;}}\";s:2:\"js\";s:0:\"\";s:18:\"current_block_list\";a:4:{i:0;s:14:\"core\/paragraph\";i:1;s:14:\"uagb\/container\";i:2;s:9:\"core\/list\";i:3;s:14:\"core\/list-item\";}s:8:\"uag_flag\";b:1;s:11:\"uag_version\";s:10:\"1776803986\";s:6:\"gfonts\";a:0:{}s:10:\"gfonts_url\";s:0:\"\";s:12:\"gfonts_files\";a:0:{}s:14:\"uag_faq_layout\";b:0;}"]},"uagb_featured_image_src":{"full":false,"thumbnail":false,"medium":false,"medium_large":false,"large":false,"1536x1536":false,"2048x2048":false},"uagb_author_info":{"display_name":"Business Solutions","author_link":"https:\/\/www.npf.ie\/ga\/author\/bobby\/"},"uagb_comment_info":0,"uagb_excerpt":"Is creat soil\u00e9ir n\u00e1isi\u00fanta plean\u00e1la d\u2019\u00c9irinn don 20 bliain at\u00e1 amach romhainn \u00ed an Strait\u00e9is Sp\u00e1is N\u00e1isi\u00fanta. Clice\u00e1il anseo chun [&hellip;]","_links":{"self":[{"href":"https:\/\/www.npf.ie\/ga\/wp-json\/wp\/v2\/pages\/6063","targetHints":{"allow":["GET"]}}],"collection":[{"href":"https:\/\/www.npf.ie\/ga\/wp-json\/wp\/v2\/pages"}],"about":[{"href":"https:\/\/www.npf.ie\/ga\/wp-json\/wp\/v2\/types\/page"}],"author":[{"embeddable":true,"href":"https:\/\/www.npf.ie\/ga\/wp-json\/wp\/v2\/users\/7"}],"replies":[{"embeddable":true,"href":"https:\/\/www.npf.ie\/ga\/wp-json\/wp\/v2\/comments?post=6063"}],"version-history":[{"count":1,"href":"https:\/\/www.npf.ie\/ga\/wp-json\/wp\/v2\/pages\/6063\/revisions"}],"predecessor-version":[{"id":6064,"href":"https:\/\/www.npf.ie\/ga\/wp-json\/wp\/v2\/pages\/6063\/revisions\/6064"}],"wp:attachment":[{"href":"https:\/\/www.npf.ie\/ga\/wp-json\/wp\/v2\/media?parent=6063"}],"curies":[{"name":"wp","href":"https:\/\/api.w.org\/{rel}","templated":true}]}}