
{"id":3949,"date":"2016-12-05T12:25:48","date_gmt":"2016-12-05T12:25:48","guid":{"rendered":"https:\/\/www.npf.ie\/dean-teagmhail-linn\/"},"modified":"2024-09-13T13:55:25","modified_gmt":"2024-09-13T13:55:25","slug":"dean-teagmhail-linn","status":"publish","type":"page","link":"https:\/\/www.npf.ie\/ga\/dean-teagmhail-linn\/","title":{"rendered":"D\u00e9an teagmh\u00e1il linn"},"content":{"rendered":"<div class=\"wpb-content-wrapper\"><p>[vc_row][vc_column width=&#8221;1\/2&#8243; css=&#8221;.vc_custom_1485872365780{padding-right: 35px !important;}&#8221;][vc_column_text]<strong>Seoladh:<\/strong><br \/>\nAn Roinn Tith\u00edochta, Rialtais \u00c1iti\u00fail agus Oidhreachta<br \/>\nTeach an Chustaim, Baile \u00c1tha Cliath, D01 W6X0<\/p>\n<p><strong>Guth\u00e1n:<\/strong><br \/>\n+353 (0)1 888 2000 n\u00f3<br \/>\n**\u00cdosghlao 1890 20 20 21<\/p>\n<p><strong>R\u00edomhphost:<\/strong><br \/>\n<a href=\"mailto:npfrev@housing.gov.ie\">npfrev@housing.gov.ie<\/a><\/p>\n<p>** Tabhair faoi deara go ngearrtar r\u00e1ta\u00ed \u00e9ags\u00fala as uimhreacha 1890 (\u00cdosghlao) a \u00fas\u00e1id, ag brath ar an sol\u00e1thra\u00ed seirbh\u00edse<\/p>\n<p>&nbsp;[\/vc_column_text][vc_gmaps link=&#8221;#E-8_JTNDaWZyYW1lJTIwdGl0bGUlM0QlMjJDdXN0b20lMjBIb3VzZSUyMFF1YXklMjAtJTIwR29vZ2xlJTIwTWFwcyUyMiUyMHNyYyUzRCUyMmh0dHBzJTNBJTJGJTJGd3d3Lmdvb2dsZS5jb20lMkZtYXBzJTJGZW1iZWQlM0ZwYiUzRCUyMTFtMTglMjExbTEyJTIxMW0zJTIxMWQyMzgxLjcyNDkwMzY5MjU4NyUyMTJkLTYuMjUyODE2NDQ4MjI3OTQ2NSUyMTNkNTMuMzQ4MTgwNDgyMTc2MjMlMjEybTMlMjExZjAlMjEyZjAlMjEzZjAlMjEzbTIlMjExaTEwMjQlMjEyaTc2OCUyMTRmMTMuMSUyMTNtMyUyMTFtMiUyMTFzMHg0ODY3MGU4ZTVhYmU1YWI5JTI1M0EweGZlMWQwY2MwY2Q1ZmUxMzYlMjEyc0N1c3RvbSUyQkhvdXNlJTJCUXVheSUyNTJDJTJCRHVibGluJTIxNWUwJTIxM20yJTIxMXNlbiUyMTJzaWUlMjE0djE0ODExMjE4NzAyNjclMjIlMjB3aWR0aCUzRCUyMjYwMCUyMiUyMGhlaWdodCUzRCUyMjQ1MCUyMiUyMGZyYW1lYm9yZGVyJTNEJTIyMCUyMiUyMHN0eWxlJTNEJTIyYm9yZGVyJTNBMCUyMiUyMGFsbG93ZnVsbHNjcmVlbiUzRSUzQyUyRmlmcmFtZSUzRQ==&#8221; size=&#8221;200px&#8221;][\/vc_column][vc_column width=&#8221;1\/2&#8243;]\n<div class=\"wpcf7 no-js\" id=\"wpcf7-f7229-o1\" lang=\"ga-IE\" dir=\"ltr\" data-wpcf7-id=\"7229\">\n<div class=\"screen-reader-response\"><p role=\"status\" aria-live=\"polite\" aria-atomic=\"true\"><\/p> <ul><\/ul><\/div>\n<form action=\"\/ga\/wp-json\/wp\/v2\/pages\/3949#wpcf7-f7229-o1\" method=\"post\" class=\"wpcf7-form init\" aria-label=\"Contact form\" novalidate=\"novalidate\" data-status=\"init\">\n<fieldset class=\"hidden-fields-container\"><input type=\"hidden\" name=\"_wpcf7\" value=\"7229\" \/><input type=\"hidden\" name=\"_wpcf7_version\" value=\"6.1.5\" \/><input type=\"hidden\" name=\"_wpcf7_locale\" value=\"ga_IE\" \/><input type=\"hidden\" name=\"_wpcf7_unit_tag\" value=\"wpcf7-f7229-o1\" \/><input type=\"hidden\" name=\"_wpcf7_container_post\" value=\"0\" \/><input type=\"hidden\" name=\"_wpcf7_posted_data_hash\" value=\"\" \/><input type=\"hidden\" name=\"_wpcf7_recaptcha_response\" value=\"\" \/>\n<\/fieldset>\n<div style=\"margin-bottom:20px;\">\n\t<p><label>D'ainm: <span class=\"wpcf7-form-control-wrap\" data-name=\"your-name\"><input size=\"40\" maxlength=\"400\" class=\"wpcf7-form-control wpcf7-text wpcf7-validates-as-required\" aria-required=\"true\" aria-invalid=\"false\" placeholder=\"\" value=\"\" type=\"text\" name=\"your-name\" \/><\/span><\/label>\n\t<\/p>\n<\/div>\n<div style=\"margin-bottom:20px;\">\n\t<p><label>R\u00edomhphost: <span class=\"wpcf7-form-control-wrap\" data-name=\"your-email\"><input size=\"40\" maxlength=\"400\" class=\"wpcf7-form-control wpcf7-email wpcf7-validates-as-required wpcf7-text wpcf7-validates-as-email\" aria-required=\"true\" aria-invalid=\"false\" value=\"example@example.ie\" type=\"email\" name=\"your-email\" \/><\/span><\/label>\n\t<\/p>\n<\/div>\n<div style=\"margin-bottom:20px;\">\n\t<p><label>Teachtaireacht: <span class=\"wpcf7-form-control-wrap\" data-name=\"your-message\"><textarea cols=\"40\" rows=\"10\" maxlength=\"256\" minlength=\"10\" class=\"wpcf7-form-control wpcf7-textarea wpcf7-validates-as-required\" aria-required=\"true\" aria-invalid=\"false\" name=\"your-message\"><\/textarea><\/span><\/label>\n\t<\/p>\n<\/div>\n<p><input class=\"wpcf7-form-control wpcf7-submit has-spinner npfbuttongreen\" type=\"submit\" value=\"Chur faoi bhr\u00e1id\" \/>\n<\/p><div class=\"wpcf7-response-output\" aria-hidden=\"true\"><\/div>\n<\/form>\n<\/div>\n[\/vc_column][\/vc_row][vc_row][vc_column][\/vc_column][\/vc_row]<\/p>\n<\/div>","protected":false},"excerpt":{"rendered":"<p>[vc_row][vc_column width=&#8221;1\/2&#8243; css=&#8221;.vc_custom_1485872365780{padding-right: 35px !important;}&#8221;][vc_column_text]Seoladh: An Roinn Tith\u00edochta, Rialtais \u00c1iti\u00fail agus Oidhreachta Teach an Chustaim, Baile \u00c1tha Cliath, D01 W6X0 [&hellip;]<\/p>\n","protected":false},"author":10,"featured_media":0,"parent":0,"menu_order":0,"comment_status":"closed","ping_status":"closed","template":"","meta":{"_uag_custom_page_level_css":"","site-sidebar-layout":"default","site-content-layout":"","ast-site-content-layout":"default","site-content-style":"default","site-sidebar-style":"default","ast-global-header-display":"","ast-banner-title-visibility":"","ast-main-header-display":"","ast-hfb-above-header-display":"","ast-hfb-below-header-display":"","ast-hfb-mobile-header-display":"","site-post-title":"","ast-breadcrumbs-content":"","ast-featured-img":"","footer-sml-layout":"","ast-disable-related-posts":"","theme-transparent-header-meta":"default","adv-header-id-meta":"","stick-header-meta":"","header-above-stick-meta":"","header-main-stick-meta":"","header-below-stick-meta":"","astra-migrate-meta-layouts":"default","ast-page-background-enabled":"default","ast-page-background-meta":{"desktop":{"background-color":"var(--ast-global-color-5)","background-image":"","background-repeat":"repeat","background-position":"center center","background-size":"auto","background-attachment":"scroll","background-type":"","background-media":"","overlay-type":"","overlay-color":"","overlay-opacity":"","overlay-gradient":""},"tablet":{"background-color":"","background-image":"","background-repeat":"repeat","background-position":"center center","background-size":"auto","background-attachment":"scroll","background-type":"","background-media":"","overlay-type":"","overlay-color":"","overlay-opacity":"","overlay-gradient":""},"mobile":{"background-color":"","background-image":"","background-repeat":"repeat","background-position":"center center","background-size":"auto","background-attachment":"scroll","background-type":"","background-media":"","overlay-type":"","overlay-color":"","overlay-opacity":"","overlay-gradient":""}},"ast-content-background-meta":{"desktop":{"background-color":"var(--ast-global-color-4)","background-image":"","background-repeat":"repeat","background-position":"center center","background-size":"auto","background-attachment":"scroll","background-type":"","background-media":"","overlay-type":"","overlay-color":"","overlay-opacity":"","overlay-gradient":""},"tablet":{"background-color":"var(--ast-global-color-4)","background-image":"","background-repeat":"repeat","background-position":"center center","background-size":"auto","background-attachment":"scroll","background-type":"","background-media":"","overlay-type":"","overlay-color":"","overlay-opacity":"","overlay-gradient":""},"mobile":{"background-color":"var(--ast-global-color-4)","background-image":"","background-repeat":"repeat","background-position":"center center","background-size":"auto","background-attachment":"scroll","background-type":"","background-media":"","overlay-type":"","overlay-color":"","overlay-opacity":"","overlay-gradient":""}},"footnotes":""},"class_list":["post-3949","page","type-page","status-publish","hentry"],"yoast_head":"<!-- This site is optimized with the Yoast SEO plugin v27.3 - https:\/\/yoast.com\/product\/yoast-seo-wordpress\/ -->\n<title>D\u00e9an teagmh\u00e1il linn - The National Planning Framework<\/title>\n<meta name=\"robots\" content=\"index, follow, max-snippet:-1, max-image-preview:large, max-video-preview:-1\" \/>\n<link rel=\"canonical\" href=\"https:\/\/www.npf.ie\/ga\/dean-teagmhail-linn\/\" \/>\n<meta property=\"og:locale\" content=\"ga_IE\" \/>\n<meta property=\"og:type\" content=\"article\" \/>\n<meta property=\"og:title\" content=\"D\u00e9an teagmh\u00e1il linn - The National Planning Framework\" \/>\n<meta property=\"og:description\" content=\"[vc_row][vc_column width=&#8221;1\/2&#8243; css=&#8221;.vc_custom_1485872365780{padding-right: 35px !important;}&#8221;][vc_column_text]Seoladh: An Roinn Tith\u00edochta, Rialtais \u00c1iti\u00fail agus Oidhreachta Teach an Chustaim, Baile \u00c1tha Cliath, D01 W6X0 [&hellip;]\" \/>\n<meta property=\"og:url\" content=\"https:\/\/www.npf.ie\/ga\/dean-teagmhail-linn\/\" \/>\n<meta property=\"og:site_name\" content=\"The National Planning Framework\" \/>\n<meta property=\"article:modified_time\" content=\"2024-09-13T13:55:25+00:00\" \/>\n<meta name=\"twitter:card\" content=\"summary_large_image\" \/>\n<meta name=\"twitter:label1\" content=\"Est. reading time\" \/>\n\t<meta name=\"twitter:data1\" content=\"1 minute\" \/>\n<script type=\"application\/ld+json\" class=\"yoast-schema-graph\">{\"@context\":\"https:\\\/\\\/schema.org\",\"@graph\":[{\"@type\":\"WebPage\",\"@id\":\"https:\\\/\\\/www.npf.ie\\\/ga\\\/dean-teagmhail-linn\\\/\",\"url\":\"https:\\\/\\\/www.npf.ie\\\/ga\\\/dean-teagmhail-linn\\\/\",\"name\":\"D\u00e9an teagmh\u00e1il linn - The National Planning Framework\",\"isPartOf\":{\"@id\":\"https:\\\/\\\/www.npf.ie\\\/ga\\\/#website\"},\"datePublished\":\"2016-12-05T12:25:48+00:00\",\"dateModified\":\"2024-09-13T13:55:25+00:00\",\"breadcrumb\":{\"@id\":\"https:\\\/\\\/www.npf.ie\\\/ga\\\/dean-teagmhail-linn\\\/#breadcrumb\"},\"inLanguage\":\"ga-IE\",\"potentialAction\":[{\"@type\":\"ReadAction\",\"target\":[\"https:\\\/\\\/www.npf.ie\\\/ga\\\/dean-teagmhail-linn\\\/\"]}]},{\"@type\":\"BreadcrumbList\",\"@id\":\"https:\\\/\\\/www.npf.ie\\\/ga\\\/dean-teagmhail-linn\\\/#breadcrumb\",\"itemListElement\":[{\"@type\":\"ListItem\",\"position\":1,\"name\":\"Home\",\"item\":\"https:\\\/\\\/www.npf.ie\\\/ga\\\/\"},{\"@type\":\"ListItem\",\"position\":2,\"name\":\"D\u00e9an teagmh\u00e1il linn\"}]},{\"@type\":\"WebSite\",\"@id\":\"https:\\\/\\\/www.npf.ie\\\/ga\\\/#website\",\"url\":\"https:\\\/\\\/www.npf.ie\\\/ga\\\/\",\"name\":\"National Planning Framework\",\"description\":\"\",\"publisher\":{\"@id\":\"https:\\\/\\\/www.npf.ie\\\/ga\\\/#organization\"},\"potentialAction\":[{\"@type\":\"SearchAction\",\"target\":{\"@type\":\"EntryPoint\",\"urlTemplate\":\"https:\\\/\\\/www.npf.ie\\\/ga\\\/?s={search_term_string}\"},\"query-input\":{\"@type\":\"PropertyValueSpecification\",\"valueRequired\":true,\"valueName\":\"search_term_string\"}}],\"inLanguage\":\"ga-IE\"},{\"@type\":\"Organization\",\"@id\":\"https:\\\/\\\/www.npf.ie\\\/ga\\\/#organization\",\"name\":\"Department of Housing, Local Government and Heritage\",\"url\":\"https:\\\/\\\/www.npf.ie\\\/ga\\\/\",\"logo\":{\"@type\":\"ImageObject\",\"inLanguage\":\"ga-IE\",\"@id\":\"https:\\\/\\\/www.npf.ie\\\/ga\\\/#\\\/schema\\\/logo\\\/image\\\/\",\"url\":\"https:\\\/\\\/www.npf.ie\\\/wp-content\\\/uploads\\\/npf_logo_feb18_horizontal-3-1-1.png\",\"contentUrl\":\"https:\\\/\\\/www.npf.ie\\\/wp-content\\\/uploads\\\/npf_logo_feb18_horizontal-3-1-1.png\",\"width\":255,\"height\":46,\"caption\":\"Department of Housing, Local Government and Heritage\"},\"image\":{\"@id\":\"https:\\\/\\\/www.npf.ie\\\/ga\\\/#\\\/schema\\\/logo\\\/image\\\/\"}}]}<\/script>\n<!-- \/ Yoast SEO plugin. -->","yoast_head_json":{"title":"D\u00e9an teagmh\u00e1il linn - The National Planning Framework","robots":{"index":"index","follow":"follow","max-snippet":"max-snippet:-1","max-image-preview":"max-image-preview:large","max-video-preview":"max-video-preview:-1"},"canonical":"https:\/\/www.npf.ie\/ga\/dean-teagmhail-linn\/","og_locale":"ga_IE","og_type":"article","og_title":"D\u00e9an teagmh\u00e1il linn - The National Planning Framework","og_description":"[vc_row][vc_column width=&#8221;1\/2&#8243; css=&#8221;.vc_custom_1485872365780{padding-right: 35px !important;}&#8221;][vc_column_text]Seoladh: An Roinn Tith\u00edochta, Rialtais \u00c1iti\u00fail agus Oidhreachta Teach an Chustaim, Baile \u00c1tha Cliath, D01 W6X0 [&hellip;]","og_url":"https:\/\/www.npf.ie\/ga\/dean-teagmhail-linn\/","og_site_name":"The National Planning Framework","article_modified_time":"2024-09-13T13:55:25+00:00","twitter_card":"summary_large_image","twitter_misc":{"Est. reading time":"1 minute"},"schema":{"@context":"https:\/\/schema.org","@graph":[{"@type":"WebPage","@id":"https:\/\/www.npf.ie\/ga\/dean-teagmhail-linn\/","url":"https:\/\/www.npf.ie\/ga\/dean-teagmhail-linn\/","name":"D\u00e9an teagmh\u00e1il linn - The National Planning Framework","isPartOf":{"@id":"https:\/\/www.npf.ie\/ga\/#website"},"datePublished":"2016-12-05T12:25:48+00:00","dateModified":"2024-09-13T13:55:25+00:00","breadcrumb":{"@id":"https:\/\/www.npf.ie\/ga\/dean-teagmhail-linn\/#breadcrumb"},"inLanguage":"ga-IE","potentialAction":[{"@type":"ReadAction","target":["https:\/\/www.npf.ie\/ga\/dean-teagmhail-linn\/"]}]},{"@type":"BreadcrumbList","@id":"https:\/\/www.npf.ie\/ga\/dean-teagmhail-linn\/#breadcrumb","itemListElement":[{"@type":"ListItem","position":1,"name":"Home","item":"https:\/\/www.npf.ie\/ga\/"},{"@type":"ListItem","position":2,"name":"D\u00e9an teagmh\u00e1il linn"}]},{"@type":"WebSite","@id":"https:\/\/www.npf.ie\/ga\/#website","url":"https:\/\/www.npf.ie\/ga\/","name":"National Planning Framework","description":"","publisher":{"@id":"https:\/\/www.npf.ie\/ga\/#organization"},"potentialAction":[{"@type":"SearchAction","target":{"@type":"EntryPoint","urlTemplate":"https:\/\/www.npf.ie\/ga\/?s={search_term_string}"},"query-input":{"@type":"PropertyValueSpecification","valueRequired":true,"valueName":"search_term_string"}}],"inLanguage":"ga-IE"},{"@type":"Organization","@id":"https:\/\/www.npf.ie\/ga\/#organization","name":"Department of Housing, Local Government and Heritage","url":"https:\/\/www.npf.ie\/ga\/","logo":{"@type":"ImageObject","inLanguage":"ga-IE","@id":"https:\/\/www.npf.ie\/ga\/#\/schema\/logo\/image\/","url":"https:\/\/www.npf.ie\/wp-content\/uploads\/npf_logo_feb18_horizontal-3-1-1.png","contentUrl":"https:\/\/www.npf.ie\/wp-content\/uploads\/npf_logo_feb18_horizontal-3-1-1.png","width":255,"height":46,"caption":"Department of Housing, Local Government and Heritage"},"image":{"@id":"https:\/\/www.npf.ie\/ga\/#\/schema\/logo\/image\/"}}]}},"spectra_custom_meta":{"_alp_processed":["1543402028"],"_top_nav_excluded":[""],"_cms_nav_minihome":[""],"_wp_page_template":["default"],"_wpb_shortcodes_custom_css":[".vc_custom_1485872365780{padding-right: 35px !important;}"],"_edit_lock":["1640003752:7"],"_edit_last":["3"],"dt_portfolio_columns":["grid"],"dt_portfolio_navigation":["filter"],"dt_nav_number":["8"],"dt_blog_layout":["masonry-3-cols"],"dt_posts_number":["10"],"dt_sidebar_position":["no-sidebar"],"dt_all_sidebars":["sidebar"],"_wpml_media_featured":["0"],"_wpml_media_duplicate":["0"],"_last_translation_edit_mode":["translation-editor"],"_astra_content_layout_flag":["disabled"],"ast-title-bar-display":["disabled"],"site-sidebar-layout":["default"],"theme-transparent-header-meta":["default"],"ast-site-content-layout":["default"],"site-content-style":["default"],"site-sidebar-style":["default"],"amazonS3_cache":["a:35:{s:60:\"\/\/www.npf.ie\/wp-content\/uploads\/wpcf7_captcha\/2786670774.png\";a:1:{s:9:\"timestamp\";i:1724156944;}s:60:\"\/\/www.npf.ie\/wp-content\/uploads\/wpcf7_captcha\/2975119446.png\";a:1:{s:9:\"timestamp\";i:1724241771;}s:59:\"\/\/www.npf.ie\/wp-content\/uploads\/wpcf7_captcha\/256559706.png\";a:1:{s:9:\"timestamp\";i:1724519828;}s:60:\"\/\/www.npf.ie\/wp-content\/uploads\/wpcf7_captcha\/1225698848.png\";a:1:{s:9:\"timestamp\";i:1724589023;}s:60:\"\/\/www.npf.ie\/wp-content\/uploads\/wpcf7_captcha\/3063441143.png\";a:1:{s:9:\"timestamp\";i:1724629718;}s:60:\"\/\/www.npf.ie\/wp-content\/uploads\/wpcf7_captcha\/2253814223.png\";a:1:{s:9:\"timestamp\";i:1724710855;}s:60:\"\/\/www.npf.ie\/wp-content\/uploads\/wpcf7_captcha\/2432879197.png\";a:1:{s:9:\"timestamp\";i:1724738336;}s:60:\"\/\/www.npf.ie\/wp-content\/uploads\/wpcf7_captcha\/3774757855.png\";a:1:{s:9:\"timestamp\";i:1725009876;}s:59:\"\/\/www.npf.ie\/wp-content\/uploads\/wpcf7_captcha\/518166195.png\";a:1:{s:9:\"timestamp\";i:1725056900;}s:60:\"\/\/www.npf.ie\/wp-content\/uploads\/wpcf7_captcha\/1749876040.png\";a:1:{s:9:\"timestamp\";i:1725169756;}s:60:\"\/\/www.npf.ie\/wp-content\/uploads\/wpcf7_captcha\/3186636644.png\";a:1:{s:9:\"timestamp\";i:1725256487;}s:60:\"\/\/www.npf.ie\/wp-content\/uploads\/wpcf7_captcha\/2709132075.png\";a:1:{s:9:\"timestamp\";i:1725264936;}s:59:\"\/\/www.npf.ie\/wp-content\/uploads\/wpcf7_captcha\/123223849.png\";a:1:{s:9:\"timestamp\";i:1725351707;}s:60:\"\/\/www.npf.ie\/wp-content\/uploads\/wpcf7_captcha\/1133858450.png\";a:1:{s:9:\"timestamp\";i:1725429693;}s:60:\"\/\/www.npf.ie\/wp-content\/uploads\/wpcf7_captcha\/2139750463.png\";a:1:{s:9:\"timestamp\";i:1725441341;}s:60:\"\/\/www.npf.ie\/wp-content\/uploads\/wpcf7_captcha\/2802954957.png\";a:1:{s:9:\"timestamp\";i:1725455730;}s:60:\"\/\/www.npf.ie\/wp-content\/uploads\/wpcf7_captcha\/2976166910.png\";a:1:{s:9:\"timestamp\";i:1725512893;}s:60:\"\/\/www.npf.ie\/wp-content\/uploads\/wpcf7_captcha\/1489836280.png\";a:1:{s:9:\"timestamp\";i:1725515807;}s:59:\"\/\/www.npf.ie\/wp-content\/uploads\/wpcf7_captcha\/170126210.png\";a:1:{s:9:\"timestamp\";i:1725526428;}s:60:\"\/\/www.npf.ie\/wp-content\/uploads\/wpcf7_captcha\/1860355863.png\";a:1:{s:9:\"timestamp\";i:1725540090;}s:60:\"\/\/www.npf.ie\/wp-content\/uploads\/wpcf7_captcha\/3346236751.png\";a:1:{s:9:\"timestamp\";i:1725556727;}s:60:\"\/\/www.npf.ie\/wp-content\/uploads\/wpcf7_captcha\/2445783903.png\";a:1:{s:9:\"timestamp\";i:1725584971;}s:58:\"\/\/www.npf.ie\/wp-content\/uploads\/wpcf7_captcha\/69679288.png\";a:1:{s:9:\"timestamp\";i:1725682293;}s:59:\"\/\/www.npf.ie\/wp-content\/uploads\/wpcf7_captcha\/251179111.png\";a:1:{s:9:\"timestamp\";i:1725722682;}s:60:\"\/\/www.npf.ie\/wp-content\/uploads\/wpcf7_captcha\/3255399733.png\";a:1:{s:9:\"timestamp\";i:1725768351;}s:60:\"\/\/www.npf.ie\/wp-content\/uploads\/wpcf7_captcha\/2362210692.png\";a:1:{s:9:\"timestamp\";i:1725806284;}s:60:\"\/\/www.npf.ie\/wp-content\/uploads\/wpcf7_captcha\/1646454062.png\";a:1:{s:9:\"timestamp\";i:1725860438;}s:60:\"\/\/www.npf.ie\/wp-content\/uploads\/wpcf7_captcha\/3842857071.png\";a:1:{s:9:\"timestamp\";i:1725871161;}s:60:\"\/\/www.npf.ie\/wp-content\/uploads\/wpcf7_captcha\/2788746123.png\";a:1:{s:9:\"timestamp\";i:1725877746;}s:60:\"\/\/www.npf.ie\/wp-content\/uploads\/wpcf7_captcha\/4263333332.png\";a:1:{s:9:\"timestamp\";i:1725970860;}s:60:\"\/\/www.npf.ie\/wp-content\/uploads\/wpcf7_captcha\/1529035356.png\";a:1:{s:9:\"timestamp\";i:1726058740;}s:60:\"\/\/www.npf.ie\/wp-content\/uploads\/wpcf7_captcha\/3110211285.png\";a:1:{s:9:\"timestamp\";i:1726075310;}s:60:\"\/\/www.npf.ie\/wp-content\/uploads\/wpcf7_captcha\/1598147399.png\";a:1:{s:9:\"timestamp\";i:1726140057;}s:58:\"\/\/www.npf.ie\/wp-content\/uploads\/wpcf7_captcha\/19990409.png\";a:1:{s:9:\"timestamp\";i:1726181881;}s:59:\"\/\/www.npf.ie\/wp-content\/uploads\/wpcf7_captcha\/846562565.png\";a:1:{s:9:\"timestamp\";i:1726191612;}}"],"_wpb_shortcodes_custom_css_updated":["1"],"dt_blog_vc_content":["below-posts"],"slide_template":["default"],"_uag_page_assets":["a:9:{s:3:\"css\";s:5444:\".wp-block-uagb-container.uagb-block-5aee6c9c.wp-block-uagb-container{color: var(--ast-global-color-5);}.wp-block-uagb-container.uagb-block-5aee6c9c.wp-block-uagb-container *{color: var(--ast-global-color-5);}.wp-block-uagb-container.uagb-block-5aee6c9c .uagb-container__shape-top svg{width: calc( 100% + 1.3px );}.wp-block-uagb-container.uagb-block-5aee6c9c .uagb-container__shape.uagb-container__shape-top .uagb-container__shape-fill{fill: rgba(51,51,51,1);}.wp-block-uagb-container.uagb-block-5aee6c9c .uagb-container__shape-bottom svg{width: calc( 100% + 1.3px );}.wp-block-uagb-container.uagb-block-5aee6c9c .uagb-container__shape.uagb-container__shape-bottom .uagb-container__shape-fill{fill: rgba(51,51,51,1);}.wp-block-uagb-container.uagb-block-5aee6c9c .uagb-container__video-wrap video{opacity: 1;}.wp-block-uagb-container.uagb-is-root-container .uagb-block-5aee6c9c{max-width: 100%;width: 100%;}.wp-block-uagb-container.uagb-is-root-container.alignfull.uagb-block-5aee6c9c > .uagb-container-inner-blocks-wrap{--inner-content-custom-width: min( 100%, 1200px);max-width: var(--inner-content-custom-width);width: 100%;flex-direction: column;align-items: center;justify-content: center;flex-wrap: nowrap;row-gap: 20px;column-gap: 20px;}.wp-block-uagb-container.uagb-block-5aee6c9c{box-shadow: 0px 0px   #00000070 ;padding-top: 10px;padding-bottom: 10px;padding-left: 10px;padding-right: 10px;margin-top:  !important;margin-bottom:  !important;overflow: visible;order: initial;border-color: inherit;background-color: #30665f;;row-gap: 20px;column-gap: 20px;}@media only screen and (max-width: 976px) {.wp-block-uagb-container.uagb-is-root-container .uagb-block-5aee6c9c{width: 100%;}.wp-block-uagb-container.uagb-is-root-container.alignfull.uagb-block-5aee6c9c > .uagb-container-inner-blocks-wrap{--inner-content-custom-width: min( 100%, 1024px);max-width: var(--inner-content-custom-width);width: 100%;}.wp-block-uagb-container.uagb-block-5aee6c9c{padding-top: 10px;padding-bottom: 10px;padding-left: 10px;padding-right: 10px;margin-top:  !important;margin-bottom:  !important;order: initial;background-color: #30665f;;}}@media only screen and (max-width: 767px) {.wp-block-uagb-container.uagb-is-root-container .uagb-block-5aee6c9c{max-width: 100%;width: 100%;}.wp-block-uagb-container.uagb-is-root-container.alignfull.uagb-block-5aee6c9c > .uagb-container-inner-blocks-wrap{--inner-content-custom-width: min( 100%, 767px);max-width: var(--inner-content-custom-width);width: 100%;flex-wrap: wrap;}.wp-block-uagb-container.uagb-block-5aee6c9c{padding-top: 10px;padding-bottom: 10px;padding-left: 10px;padding-right: 10px;margin-top:  !important;margin-bottom:  !important;order: initial;background-color: #30665f;;}}.wp-block-uagb-container.uagb-block-58e00206.wp-block-uagb-container{color: var(--ast-global-color-5);}.wp-block-uagb-container.uagb-block-58e00206.wp-block-uagb-container *{color: var(--ast-global-color-5);}.wp-block-uagb-container.uagb-block-58e00206 .uagb-container__shape-top svg{width: calc( 100% + 1.3px );}.wp-block-uagb-container.uagb-block-58e00206 .uagb-container__shape.uagb-container__shape-top .uagb-container__shape-fill{fill: rgba(51,51,51,1);}.wp-block-uagb-container.uagb-block-58e00206 .uagb-container__shape-bottom svg{width: calc( 100% + 1.3px );}.wp-block-uagb-container.uagb-block-58e00206 .uagb-container__shape.uagb-container__shape-bottom .uagb-container__shape-fill{fill: rgba(51,51,51,1);}.wp-block-uagb-container.uagb-block-58e00206 .uagb-container__video-wrap video{opacity: 1;}.wp-block-uagb-container.uagb-is-root-container .uagb-block-58e00206{max-width: 100%;width: 100%;}.wp-block-uagb-container.uagb-is-root-container.alignfull.uagb-block-58e00206 > .uagb-container-inner-blocks-wrap{--inner-content-custom-width: min( 100%, 1200px);max-width: var(--inner-content-custom-width);width: 100%;flex-direction: column;align-items: center;justify-content: center;flex-wrap: nowrap;row-gap: 20px;column-gap: 20px;}.wp-block-uagb-container.uagb-block-58e00206{box-shadow: 0px 0px   #00000070 ;padding-top: 10px;padding-bottom: 10px;padding-left: 10px;padding-right: 10px;margin-top:  !important;margin-bottom:  !important;overflow: visible;order: initial;border-color: inherit;background-color: #30665f;;row-gap: 20px;column-gap: 20px;}@media only screen and (max-width: 976px) {.wp-block-uagb-container.uagb-is-root-container .uagb-block-58e00206{width: 100%;}.wp-block-uagb-container.uagb-is-root-container.alignfull.uagb-block-58e00206 > .uagb-container-inner-blocks-wrap{--inner-content-custom-width: min( 100%, 1024px);max-width: var(--inner-content-custom-width);width: 100%;}.wp-block-uagb-container.uagb-block-58e00206{padding-top: 10px;padding-bottom: 10px;padding-left: 10px;padding-right: 10px;margin-top:  !important;margin-bottom:  !important;order: initial;background-color: #30665f;;}}@media only screen and (max-width: 767px) {.wp-block-uagb-container.uagb-is-root-container .uagb-block-58e00206{max-width: 100%;width: 100%;}.wp-block-uagb-container.uagb-is-root-container.alignfull.uagb-block-58e00206 > .uagb-container-inner-blocks-wrap{--inner-content-custom-width: min( 100%, 767px);max-width: var(--inner-content-custom-width);width: 100%;flex-wrap: wrap;}.wp-block-uagb-container.uagb-block-58e00206{padding-top: 10px;padding-bottom: 10px;padding-left: 10px;padding-right: 10px;margin-top:  !important;margin-bottom:  !important;order: initial;background-color: #30665f;;}}\";s:2:\"js\";s:0:\"\";s:18:\"current_block_list\";a:4:{i:0;s:14:\"uagb\/container\";i:1;s:14:\"core\/paragraph\";i:2;s:9:\"core\/list\";i:3;s:14:\"core\/list-item\";}s:8:\"uag_flag\";b:1;s:11:\"uag_version\";s:10:\"1776650536\";s:6:\"gfonts\";a:0:{}s:10:\"gfonts_url\";s:0:\"\";s:12:\"gfonts_files\";a:0:{}s:14:\"uag_faq_layout\";b:0;}"]},"uagb_featured_image_src":{"full":false,"thumbnail":false,"medium":false,"medium_large":false,"large":false,"1536x1536":false,"2048x2048":false},"uagb_author_info":{"display_name":"Colette McCarthy","author_link":"https:\/\/www.npf.ie\/ga\/author\/colette-mccarthy\/"},"uagb_comment_info":0,"uagb_excerpt":"[vc_row][vc_column width=&#8221;1\/2&#8243; css=&#8221;.vc_custom_1485872365780{padding-right: 35px !important;}&#8221;][vc_column_text]Seoladh: An Roinn Tith\u00edochta, Rialtais \u00c1iti\u00fail agus Oidhreachta Teach an Chustaim, Baile \u00c1tha Cliath, D01 W6X0 [&hellip;]","_links":{"self":[{"href":"https:\/\/www.npf.ie\/ga\/wp-json\/wp\/v2\/pages\/3949","targetHints":{"allow":["GET"]}}],"collection":[{"href":"https:\/\/www.npf.ie\/ga\/wp-json\/wp\/v2\/pages"}],"about":[{"href":"https:\/\/www.npf.ie\/ga\/wp-json\/wp\/v2\/types\/page"}],"author":[{"embeddable":true,"href":"https:\/\/www.npf.ie\/ga\/wp-json\/wp\/v2\/users\/10"}],"replies":[{"embeddable":true,"href":"https:\/\/www.npf.ie\/ga\/wp-json\/wp\/v2\/comments?post=3949"}],"version-history":[{"count":11,"href":"https:\/\/www.npf.ie\/ga\/wp-json\/wp\/v2\/pages\/3949\/revisions"}],"predecessor-version":[{"id":7919,"href":"https:\/\/www.npf.ie\/ga\/wp-json\/wp\/v2\/pages\/3949\/revisions\/7919"}],"wp:attachment":[{"href":"https:\/\/www.npf.ie\/ga\/wp-json\/wp\/v2\/media?parent=3949"}],"curies":[{"name":"wp","href":"https:\/\/api.w.org\/{rel}","templated":true}]}}