
{"id":3943,"date":"2018-11-28T10:24:11","date_gmt":"2018-11-28T10:24:11","guid":{"rendered":"https:\/\/www.npf.ie\/teachtaireacht-on-aire-faoi-eire-2040-an-tionscadal-an-creat-naisiunta-pleanala\/"},"modified":"2018-12-02T13:57:01","modified_gmt":"2018-12-02T13:57:01","slug":"teachtaireacht-on-aire-faoi-eire-2040-an-tionscadal-an-creat-naisiunta-pleanala","status":"publish","type":"page","link":"https:\/\/www.npf.ie\/ga\/teachtaireacht-on-aire-faoi-eire-2040-an-tionscadal-an-creat-naisiunta-pleanala\/","title":{"rendered":"Teachtaireacht \u00f3n Aire faoi \u00c9ire 2040 &#8211; An Tionscadal<br>\u2013 An Creat N\u00e1isi\u00fanta Plean\u00e1la"},"content":{"rendered":"<div class=\"wpb-content-wrapper\"><p>[vc_row][vc_column width=&#8221;2\/3&#8243; css=&#8221;.vc_custom_1485868986131{padding-right: 35px !important;}&#8221;][vc_column_text]Is \u00e9 \u00c9ire 2040 &#8211; An Tionscadal an creat beartais agus plean\u00e1la uileghabh\u00e1lach maidir le forbairt sh\u00f3isialta, gheilleagrach agus chult\u00fartha \u00e1r dt\u00edre. Cuims\u00edtear ann plean infheist\u00edochta caipitil mionsonraithe don tr\u00e9imhse 2018 go 2027, an Plean Forbartha N\u00e1isi\u00fanta 2018-2027, agus an Creat N\u00e1isi\u00fanta Plean\u00e1la 2040, ar creat 20 bliain \u00e9.<\/p>\n<p>Beidh c\u00f3na\u00ed ar aon mhilli\u00fan duine breise in \u00c9irinn faoin mbliain 2040, agus beidh dh\u00e1 thrian de mhilli\u00fan duine breise ag obair anseo, agus teast\u00f3idh leathmhilli\u00fan teach breise chun d\u00e9ile\u00e1il leis an bhf\u00e1s seo.<\/p>\n<p>Is \u00e9ard at\u00e1imid ag iarraidh a bhaint amach faoi \u00c9ire 2040 &#8211; An Tionscadal n\u00e1 f\u00eds agus uaillmhian chomhroinnte faoin gcine\u00e1l t\u00edre a d\u2019fh\u00e9adfadh agus ba cheart a bheith againn faoi 2040. Mhaireamar tr\u00ed thr\u00e9imhse ina raibh athruithe m\u00f3ra le d\u00e9ana\u00ed, agus t\u00e1 d\u00fashl\u00e1in nua amach romhainn i gc\u00f3na\u00ed. N\u00ed m\u00f3r d\u00fainn plean a leagan s\u00edos don todhcha\u00ed m\u00e1 t\u00e1imid chun dul i ngleic mar is ceart leis na d\u00fashl\u00e1in at\u00e1 ar an mbealach a bhaineann le f\u00e1s daonra, athr\u00fa d\u00e9imeagrafa\u00edocht agus athruithe sa saol oibre agus sa saol laeth\u00fail.<\/p>\n<p>N\u00ed f\u00e9idir lean\u00faint leis na patr\u00fain f\u00e1is agus forbartha mar at\u00e1 ann anois agus gan plean comhordaithe. Tr\u00edn\u00e1r bplean\u00e1il sp\u00e1s\u00fail a ail\u00edni\u00fa len\u00e1r gcinnt\u00ed infheist\u00edochta \u2013 tr\u00edd an gCreat N\u00e1isi\u00fanta Plean\u00e1la a ail\u00edni\u00fa len\u00e1r bPlean Forbartha N\u00e1isi\u00fanta \u2013 den ch\u00e9ad uair riamh beidh creat plean\u00e1la fi\u00fantach againn ar f\u00e9idir le daoine muin\u00edn a chur ann maidir le cur chun cinn a bpobal.[\/vc_column_text][\/vc_column][vc_column width=&#8221;1\/3&#8243;][vc_single_image image=&#8221;1887&#8243; img_size=&#8221;&#8221;][vc_column_text]Eoghan Murphy T.D<\/p>\n<h6>An tAire Tith\u00edochta,<br \/>\nPlean\u00e1la agus Rialtais \u00c1iti\u00fail<\/h6>\n<p>[\/vc_column_text][vc_single_image image=&#8221;2110&#8243; img_size=&#8221;full&#8221; onclick=&#8221;custom_link&#8221; link=&#8221;https:\/\/www.npf.ie\/wp-content\/uploads\/Project-Ireland-2040-NPF.pdf&#8221;][\/vc_column][\/vc_row]<\/p>\n<\/div>","protected":false},"excerpt":{"rendered":"<p>[vc_row][vc_column width=&#8221;2\/3&#8243; css=&#8221;.vc_custom_1485868986131{padding-right: 35px !important;}&#8221;][vc_column_text]Is \u00e9 \u00c9ire 2040 &#8211; An Tionscadal an creat beartais agus plean\u00e1la uileghabh\u00e1lach maidir le forbairt [&hellip;]<\/p>\n","protected":false},"author":10,"featured_media":0,"parent":0,"menu_order":0,"comment_status":"closed","ping_status":"closed","template":"","meta":{"_uag_custom_page_level_css":"","site-sidebar-layout":"default","site-content-layout":"","ast-site-content-layout":"default","site-content-style":"default","site-sidebar-style":"default","ast-global-header-display":"","ast-banner-title-visibility":"","ast-main-header-display":"","ast-hfb-above-header-display":"","ast-hfb-below-header-display":"","ast-hfb-mobile-header-display":"","site-post-title":"","ast-breadcrumbs-content":"","ast-featured-img":"","footer-sml-layout":"","ast-disable-related-posts":"","theme-transparent-header-meta":"","adv-header-id-meta":"","stick-header-meta":"","header-above-stick-meta":"","header-main-stick-meta":"","header-below-stick-meta":"","astra-migrate-meta-layouts":"default","ast-page-background-enabled":"default","ast-page-background-meta":{"desktop":{"background-color":"var(--ast-global-color-5)","background-image":"","background-repeat":"repeat","background-position":"center center","background-size":"auto","background-attachment":"scroll","background-type":"","background-media":"","overlay-type":"","overlay-color":"","overlay-opacity":"","overlay-gradient":""},"tablet":{"background-color":"","background-image":"","background-repeat":"repeat","background-position":"center center","background-size":"auto","background-attachment":"scroll","background-type":"","background-media":"","overlay-type":"","overlay-color":"","overlay-opacity":"","overlay-gradient":""},"mobile":{"background-color":"","background-image":"","background-repeat":"repeat","background-position":"center center","background-size":"auto","background-attachment":"scroll","background-type":"","background-media":"","overlay-type":"","overlay-color":"","overlay-opacity":"","overlay-gradient":""}},"ast-content-background-meta":{"desktop":{"background-color":"var(--ast-global-color-4)","background-image":"","background-repeat":"repeat","background-position":"center center","background-size":"auto","background-attachment":"scroll","background-type":"","background-media":"","overlay-type":"","overlay-color":"","overlay-opacity":"","overlay-gradient":""},"tablet":{"background-color":"var(--ast-global-color-4)","background-image":"","background-repeat":"repeat","background-position":"center center","background-size":"auto","background-attachment":"scroll","background-type":"","background-media":"","overlay-type":"","overlay-color":"","overlay-opacity":"","overlay-gradient":""},"mobile":{"background-color":"var(--ast-global-color-4)","background-image":"","background-repeat":"repeat","background-position":"center center","background-size":"auto","background-attachment":"scroll","background-type":"","background-media":"","overlay-type":"","overlay-color":"","overlay-opacity":"","overlay-gradient":""}},"footnotes":""},"class_list":["post-3943","page","type-page","status-publish","hentry"],"yoast_head":"<!-- This site is optimized with the Yoast SEO plugin v27.5 - https:\/\/yoast.com\/product\/yoast-seo-wordpress\/ -->\n<title>Teachtaireacht \u00f3n Aire faoi \u00c9ire 2040 - An Tionscadal\u2013 An Creat N\u00e1isi\u00fanta Plean\u00e1la - The National Planning Framework<\/title>\n<meta name=\"robots\" content=\"index, follow, max-snippet:-1, max-image-preview:large, max-video-preview:-1\" \/>\n<link rel=\"canonical\" href=\"https:\/\/www.npf.ie\/ga\/teachtaireacht-on-aire-faoi-eire-2040-an-tionscadal-an-creat-naisiunta-pleanala\/\" \/>\n<meta property=\"og:locale\" content=\"ga_IE\" \/>\n<meta property=\"og:type\" content=\"article\" \/>\n<meta property=\"og:title\" content=\"Teachtaireacht \u00f3n Aire faoi \u00c9ire 2040 - An Tionscadal\u2013 An Creat N\u00e1isi\u00fanta Plean\u00e1la - The National Planning Framework\" \/>\n<meta property=\"og:description\" content=\"[vc_row][vc_column width=&#8221;2\/3&#8243; css=&#8221;.vc_custom_1485868986131{padding-right: 35px !important;}&#8221;][vc_column_text]Is \u00e9 \u00c9ire 2040 &#8211; An Tionscadal an creat beartais agus plean\u00e1la uileghabh\u00e1lach maidir le forbairt [&hellip;]\" \/>\n<meta property=\"og:url\" content=\"https:\/\/www.npf.ie\/ga\/teachtaireacht-on-aire-faoi-eire-2040-an-tionscadal-an-creat-naisiunta-pleanala\/\" \/>\n<meta property=\"og:site_name\" content=\"The National Planning Framework\" \/>\n<meta property=\"article:modified_time\" content=\"2018-12-02T13:57:01+00:00\" \/>\n<meta name=\"twitter:card\" content=\"summary_large_image\" \/>\n<meta name=\"twitter:label1\" content=\"Est. reading time\" \/>\n\t<meta name=\"twitter:data1\" content=\"2 minutes\" \/>\n<script type=\"application\/ld+json\" class=\"yoast-schema-graph\">{\"@context\":\"https:\\\/\\\/schema.org\",\"@graph\":[{\"@type\":\"WebPage\",\"@id\":\"https:\\\/\\\/www.npf.ie\\\/ga\\\/teachtaireacht-on-aire-faoi-eire-2040-an-tionscadal-an-creat-naisiunta-pleanala\\\/\",\"url\":\"https:\\\/\\\/www.npf.ie\\\/ga\\\/teachtaireacht-on-aire-faoi-eire-2040-an-tionscadal-an-creat-naisiunta-pleanala\\\/\",\"name\":\"Teachtaireacht \u00f3n Aire faoi \u00c9ire 2040 - An Tionscadal \u2013 An Creat N\u00e1isi\u00fanta Plean\u00e1la - The National Planning Framework\",\"isPartOf\":{\"@id\":\"https:\\\/\\\/www.npf.ie\\\/ga\\\/#website\"},\"datePublished\":\"2018-11-28T10:24:11+00:00\",\"dateModified\":\"2018-12-02T13:57:01+00:00\",\"breadcrumb\":{\"@id\":\"https:\\\/\\\/www.npf.ie\\\/ga\\\/teachtaireacht-on-aire-faoi-eire-2040-an-tionscadal-an-creat-naisiunta-pleanala\\\/#breadcrumb\"},\"inLanguage\":\"ga-IE\",\"potentialAction\":[{\"@type\":\"ReadAction\",\"target\":[\"https:\\\/\\\/www.npf.ie\\\/ga\\\/teachtaireacht-on-aire-faoi-eire-2040-an-tionscadal-an-creat-naisiunta-pleanala\\\/\"]}]},{\"@type\":\"BreadcrumbList\",\"@id\":\"https:\\\/\\\/www.npf.ie\\\/ga\\\/teachtaireacht-on-aire-faoi-eire-2040-an-tionscadal-an-creat-naisiunta-pleanala\\\/#breadcrumb\",\"itemListElement\":[{\"@type\":\"ListItem\",\"position\":1,\"name\":\"Home\",\"item\":\"https:\\\/\\\/www.npf.ie\\\/ga\\\/\"},{\"@type\":\"ListItem\",\"position\":2,\"name\":\"Teachtaireacht \u00f3n Aire faoi \u00c9ire 2040 &#8211; An Tionscadal\u2013 An Creat N\u00e1isi\u00fanta Plean\u00e1la\"}]},{\"@type\":\"WebSite\",\"@id\":\"https:\\\/\\\/www.npf.ie\\\/ga\\\/#website\",\"url\":\"https:\\\/\\\/www.npf.ie\\\/ga\\\/\",\"name\":\"National Planning Framework\",\"description\":\"\",\"publisher\":{\"@id\":\"https:\\\/\\\/www.npf.ie\\\/ga\\\/#organization\"},\"potentialAction\":[{\"@type\":\"SearchAction\",\"target\":{\"@type\":\"EntryPoint\",\"urlTemplate\":\"https:\\\/\\\/www.npf.ie\\\/ga\\\/?s={search_term_string}\"},\"query-input\":{\"@type\":\"PropertyValueSpecification\",\"valueRequired\":true,\"valueName\":\"search_term_string\"}}],\"inLanguage\":\"ga-IE\"},{\"@type\":\"Organization\",\"@id\":\"https:\\\/\\\/www.npf.ie\\\/ga\\\/#organization\",\"name\":\"Department of Housing, Local Government and Heritage\",\"url\":\"https:\\\/\\\/www.npf.ie\\\/ga\\\/\",\"logo\":{\"@type\":\"ImageObject\",\"inLanguage\":\"ga-IE\",\"@id\":\"https:\\\/\\\/www.npf.ie\\\/ga\\\/#\\\/schema\\\/logo\\\/image\\\/\",\"url\":\"https:\\\/\\\/www.npf.ie\\\/wp-content\\\/uploads\\\/npf_logo_feb18_horizontal-3-1-1.png\",\"contentUrl\":\"https:\\\/\\\/www.npf.ie\\\/wp-content\\\/uploads\\\/npf_logo_feb18_horizontal-3-1-1.png\",\"width\":255,\"height\":46,\"caption\":\"Department of Housing, Local Government and Heritage\"},\"image\":{\"@id\":\"https:\\\/\\\/www.npf.ie\\\/ga\\\/#\\\/schema\\\/logo\\\/image\\\/\"}}]}<\/script>\n<!-- \/ Yoast SEO plugin. -->","yoast_head_json":{"title":"Teachtaireacht \u00f3n Aire faoi \u00c9ire 2040 - An Tionscadal\u2013 An Creat N\u00e1isi\u00fanta Plean\u00e1la - The National Planning Framework","robots":{"index":"index","follow":"follow","max-snippet":"max-snippet:-1","max-image-preview":"max-image-preview:large","max-video-preview":"max-video-preview:-1"},"canonical":"https:\/\/www.npf.ie\/ga\/teachtaireacht-on-aire-faoi-eire-2040-an-tionscadal-an-creat-naisiunta-pleanala\/","og_locale":"ga_IE","og_type":"article","og_title":"Teachtaireacht \u00f3n Aire faoi \u00c9ire 2040 - An Tionscadal\u2013 An Creat N\u00e1isi\u00fanta Plean\u00e1la - The National Planning Framework","og_description":"[vc_row][vc_column width=&#8221;2\/3&#8243; css=&#8221;.vc_custom_1485868986131{padding-right: 35px !important;}&#8221;][vc_column_text]Is \u00e9 \u00c9ire 2040 &#8211; An Tionscadal an creat beartais agus plean\u00e1la uileghabh\u00e1lach maidir le forbairt [&hellip;]","og_url":"https:\/\/www.npf.ie\/ga\/teachtaireacht-on-aire-faoi-eire-2040-an-tionscadal-an-creat-naisiunta-pleanala\/","og_site_name":"The National Planning Framework","article_modified_time":"2018-12-02T13:57:01+00:00","twitter_card":"summary_large_image","twitter_misc":{"Est. reading time":"2 minutes"},"schema":{"@context":"https:\/\/schema.org","@graph":[{"@type":"WebPage","@id":"https:\/\/www.npf.ie\/ga\/teachtaireacht-on-aire-faoi-eire-2040-an-tionscadal-an-creat-naisiunta-pleanala\/","url":"https:\/\/www.npf.ie\/ga\/teachtaireacht-on-aire-faoi-eire-2040-an-tionscadal-an-creat-naisiunta-pleanala\/","name":"Teachtaireacht \u00f3n Aire faoi \u00c9ire 2040 - An Tionscadal \u2013 An Creat N\u00e1isi\u00fanta Plean\u00e1la - The National Planning Framework","isPartOf":{"@id":"https:\/\/www.npf.ie\/ga\/#website"},"datePublished":"2018-11-28T10:24:11+00:00","dateModified":"2018-12-02T13:57:01+00:00","breadcrumb":{"@id":"https:\/\/www.npf.ie\/ga\/teachtaireacht-on-aire-faoi-eire-2040-an-tionscadal-an-creat-naisiunta-pleanala\/#breadcrumb"},"inLanguage":"ga-IE","potentialAction":[{"@type":"ReadAction","target":["https:\/\/www.npf.ie\/ga\/teachtaireacht-on-aire-faoi-eire-2040-an-tionscadal-an-creat-naisiunta-pleanala\/"]}]},{"@type":"BreadcrumbList","@id":"https:\/\/www.npf.ie\/ga\/teachtaireacht-on-aire-faoi-eire-2040-an-tionscadal-an-creat-naisiunta-pleanala\/#breadcrumb","itemListElement":[{"@type":"ListItem","position":1,"name":"Home","item":"https:\/\/www.npf.ie\/ga\/"},{"@type":"ListItem","position":2,"name":"Teachtaireacht \u00f3n Aire faoi \u00c9ire 2040 &#8211; An Tionscadal\u2013 An Creat N\u00e1isi\u00fanta Plean\u00e1la"}]},{"@type":"WebSite","@id":"https:\/\/www.npf.ie\/ga\/#website","url":"https:\/\/www.npf.ie\/ga\/","name":"National Planning Framework","description":"","publisher":{"@id":"https:\/\/www.npf.ie\/ga\/#organization"},"potentialAction":[{"@type":"SearchAction","target":{"@type":"EntryPoint","urlTemplate":"https:\/\/www.npf.ie\/ga\/?s={search_term_string}"},"query-input":{"@type":"PropertyValueSpecification","valueRequired":true,"valueName":"search_term_string"}}],"inLanguage":"ga-IE"},{"@type":"Organization","@id":"https:\/\/www.npf.ie\/ga\/#organization","name":"Department of Housing, Local Government and Heritage","url":"https:\/\/www.npf.ie\/ga\/","logo":{"@type":"ImageObject","inLanguage":"ga-IE","@id":"https:\/\/www.npf.ie\/ga\/#\/schema\/logo\/image\/","url":"https:\/\/www.npf.ie\/wp-content\/uploads\/npf_logo_feb18_horizontal-3-1-1.png","contentUrl":"https:\/\/www.npf.ie\/wp-content\/uploads\/npf_logo_feb18_horizontal-3-1-1.png","width":255,"height":46,"caption":"Department of Housing, Local Government and Heritage"},"image":{"@id":"https:\/\/www.npf.ie\/ga\/#\/schema\/logo\/image\/"}}]}},"spectra_custom_meta":{"_vc_post_settings":["a:1:{s:10:\"vc_grid_id\";a:0:{}}"],"_alp_processed":["1543759021"],"dt_portfolio_columns":["grid"],"dt_portfolio_navigation":["filter"],"dt_nav_number":["8"],"dt_blog_layout":["masonry-3-cols"],"dt_posts_number":["10"],"dt_sidebar_position":["no-sidebar"],"dt_all_sidebars":["sidebar"],"_top_nav_excluded":[""],"_cms_nav_minihome":[""],"_wp_page_template":["default"],"_wpml_word_count":["{\"total\":24,\"to_translate\":{\"en\":24}}"],"_wpb_shortcodes_custom_css":[".vc_custom_1485868986131{padding-right: 35px !important;}"],"_wpml_media_duplicate":["1"],"_wp_attachment_metadata":[""],"_edit_lock":["1545323112:3"],"amazonS3_cache":["a:2:{s:60:\"\/\/www.npf.ie\/wp-content\/uploads\/Project-Ireland-2040-NPF.pdf\";a:2:{s:2:\"id\";s:4:\"5939\";s:11:\"source_type\";s:13:\"media-library\";}s:60:\"\/\/cdn.npf.ie\/wp-content\/uploads\/Project-Ireland-2040-NPF.pdf\";a:2:{s:2:\"id\";s:4:\"5939\";s:11:\"source_type\";s:13:\"media-library\";}}"],"_wpb_shortcodes_custom_css_updated":["1"],"_uag_page_assets":["a:9:{s:3:\"css\";s:5444:\".wp-block-uagb-container.uagb-block-5aee6c9c.wp-block-uagb-container{color: var(--ast-global-color-5);}.wp-block-uagb-container.uagb-block-5aee6c9c.wp-block-uagb-container *{color: var(--ast-global-color-5);}.wp-block-uagb-container.uagb-block-5aee6c9c .uagb-container__shape-top svg{width: calc( 100% + 1.3px );}.wp-block-uagb-container.uagb-block-5aee6c9c .uagb-container__shape.uagb-container__shape-top .uagb-container__shape-fill{fill: rgba(51,51,51,1);}.wp-block-uagb-container.uagb-block-5aee6c9c .uagb-container__shape-bottom svg{width: calc( 100% + 1.3px );}.wp-block-uagb-container.uagb-block-5aee6c9c .uagb-container__shape.uagb-container__shape-bottom .uagb-container__shape-fill{fill: rgba(51,51,51,1);}.wp-block-uagb-container.uagb-block-5aee6c9c .uagb-container__video-wrap video{opacity: 1;}.wp-block-uagb-container.uagb-is-root-container .uagb-block-5aee6c9c{max-width: 100%;width: 100%;}.wp-block-uagb-container.uagb-is-root-container.alignfull.uagb-block-5aee6c9c > .uagb-container-inner-blocks-wrap{--inner-content-custom-width: min( 100%, 1200px);max-width: var(--inner-content-custom-width);width: 100%;flex-direction: column;align-items: center;justify-content: center;flex-wrap: nowrap;row-gap: 20px;column-gap: 20px;}.wp-block-uagb-container.uagb-block-5aee6c9c{box-shadow: 0px 0px   #00000070 ;padding-top: 10px;padding-bottom: 10px;padding-left: 10px;padding-right: 10px;margin-top:  !important;margin-bottom:  !important;overflow: visible;order: initial;border-color: inherit;background-color: #30665f;;row-gap: 20px;column-gap: 20px;}@media only screen and (max-width: 976px) {.wp-block-uagb-container.uagb-is-root-container .uagb-block-5aee6c9c{width: 100%;}.wp-block-uagb-container.uagb-is-root-container.alignfull.uagb-block-5aee6c9c > .uagb-container-inner-blocks-wrap{--inner-content-custom-width: min( 100%, 1024px);max-width: var(--inner-content-custom-width);width: 100%;}.wp-block-uagb-container.uagb-block-5aee6c9c{padding-top: 10px;padding-bottom: 10px;padding-left: 10px;padding-right: 10px;margin-top:  !important;margin-bottom:  !important;order: initial;background-color: #30665f;;}}@media only screen and (max-width: 767px) {.wp-block-uagb-container.uagb-is-root-container .uagb-block-5aee6c9c{max-width: 100%;width: 100%;}.wp-block-uagb-container.uagb-is-root-container.alignfull.uagb-block-5aee6c9c > .uagb-container-inner-blocks-wrap{--inner-content-custom-width: min( 100%, 767px);max-width: var(--inner-content-custom-width);width: 100%;flex-wrap: wrap;}.wp-block-uagb-container.uagb-block-5aee6c9c{padding-top: 10px;padding-bottom: 10px;padding-left: 10px;padding-right: 10px;margin-top:  !important;margin-bottom:  !important;order: initial;background-color: #30665f;;}}.wp-block-uagb-container.uagb-block-58e00206.wp-block-uagb-container{color: var(--ast-global-color-5);}.wp-block-uagb-container.uagb-block-58e00206.wp-block-uagb-container *{color: var(--ast-global-color-5);}.wp-block-uagb-container.uagb-block-58e00206 .uagb-container__shape-top svg{width: calc( 100% + 1.3px );}.wp-block-uagb-container.uagb-block-58e00206 .uagb-container__shape.uagb-container__shape-top .uagb-container__shape-fill{fill: rgba(51,51,51,1);}.wp-block-uagb-container.uagb-block-58e00206 .uagb-container__shape-bottom svg{width: calc( 100% + 1.3px );}.wp-block-uagb-container.uagb-block-58e00206 .uagb-container__shape.uagb-container__shape-bottom .uagb-container__shape-fill{fill: rgba(51,51,51,1);}.wp-block-uagb-container.uagb-block-58e00206 .uagb-container__video-wrap video{opacity: 1;}.wp-block-uagb-container.uagb-is-root-container .uagb-block-58e00206{max-width: 100%;width: 100%;}.wp-block-uagb-container.uagb-is-root-container.alignfull.uagb-block-58e00206 > .uagb-container-inner-blocks-wrap{--inner-content-custom-width: min( 100%, 1200px);max-width: var(--inner-content-custom-width);width: 100%;flex-direction: column;align-items: center;justify-content: center;flex-wrap: nowrap;row-gap: 20px;column-gap: 20px;}.wp-block-uagb-container.uagb-block-58e00206{box-shadow: 0px 0px   #00000070 ;padding-top: 10px;padding-bottom: 10px;padding-left: 10px;padding-right: 10px;margin-top:  !important;margin-bottom:  !important;overflow: visible;order: initial;border-color: inherit;background-color: #30665f;;row-gap: 20px;column-gap: 20px;}@media only screen and (max-width: 976px) {.wp-block-uagb-container.uagb-is-root-container .uagb-block-58e00206{width: 100%;}.wp-block-uagb-container.uagb-is-root-container.alignfull.uagb-block-58e00206 > .uagb-container-inner-blocks-wrap{--inner-content-custom-width: min( 100%, 1024px);max-width: var(--inner-content-custom-width);width: 100%;}.wp-block-uagb-container.uagb-block-58e00206{padding-top: 10px;padding-bottom: 10px;padding-left: 10px;padding-right: 10px;margin-top:  !important;margin-bottom:  !important;order: initial;background-color: #30665f;;}}@media only screen and (max-width: 767px) {.wp-block-uagb-container.uagb-is-root-container .uagb-block-58e00206{max-width: 100%;width: 100%;}.wp-block-uagb-container.uagb-is-root-container.alignfull.uagb-block-58e00206 > .uagb-container-inner-blocks-wrap{--inner-content-custom-width: min( 100%, 767px);max-width: var(--inner-content-custom-width);width: 100%;flex-wrap: wrap;}.wp-block-uagb-container.uagb-block-58e00206{padding-top: 10px;padding-bottom: 10px;padding-left: 10px;padding-right: 10px;margin-top:  !important;margin-bottom:  !important;order: initial;background-color: #30665f;;}}\";s:2:\"js\";s:0:\"\";s:18:\"current_block_list\";a:4:{i:0;s:14:\"uagb\/container\";i:1;s:14:\"core\/paragraph\";i:2;s:9:\"core\/list\";i:3;s:14:\"core\/list-item\";}s:8:\"uag_flag\";b:1;s:11:\"uag_version\";s:10:\"1777685932\";s:6:\"gfonts\";a:0:{}s:10:\"gfonts_url\";s:0:\"\";s:12:\"gfonts_files\";a:0:{}s:14:\"uag_faq_layout\";b:0;}"]},"uagb_featured_image_src":{"full":false,"thumbnail":false,"medium":false,"medium_large":false,"large":false,"1536x1536":false,"2048x2048":false},"uagb_author_info":{"display_name":"Colette McCarthy","author_link":"https:\/\/www.npf.ie\/ga\/author\/colette-mccarthy\/"},"uagb_comment_info":0,"uagb_excerpt":"[vc_row][vc_column width=&#8221;2\/3&#8243; css=&#8221;.vc_custom_1485868986131{padding-right: 35px !important;}&#8221;][vc_column_text]Is \u00e9 \u00c9ire 2040 &#8211; An Tionscadal an creat beartais agus plean\u00e1la uileghabh\u00e1lach maidir le forbairt [&hellip;]","_links":{"self":[{"href":"https:\/\/www.npf.ie\/ga\/wp-json\/wp\/v2\/pages\/3943","targetHints":{"allow":["GET"]}}],"collection":[{"href":"https:\/\/www.npf.ie\/ga\/wp-json\/wp\/v2\/pages"}],"about":[{"href":"https:\/\/www.npf.ie\/ga\/wp-json\/wp\/v2\/types\/page"}],"author":[{"embeddable":true,"href":"https:\/\/www.npf.ie\/ga\/wp-json\/wp\/v2\/users\/10"}],"replies":[{"embeddable":true,"href":"https:\/\/www.npf.ie\/ga\/wp-json\/wp\/v2\/comments?post=3943"}],"version-history":[{"count":3,"href":"https:\/\/www.npf.ie\/ga\/wp-json\/wp\/v2\/pages\/3943\/revisions"}],"predecessor-version":[{"id":3991,"href":"https:\/\/www.npf.ie\/ga\/wp-json\/wp\/v2\/pages\/3943\/revisions\/3991"}],"wp:attachment":[{"href":"https:\/\/www.npf.ie\/ga\/wp-json\/wp\/v2\/media?parent=3943"}],"curies":[{"name":"wp","href":"https:\/\/api.w.org\/{rel}","templated":true}]}}